{"id":995,"date":"2023-09-19T10:12:47","date_gmt":"2023-09-19T09:12:47","guid":{"rendered":"https:\/\/thucphamchayhoalacfood.com\/?post_type=product&#038;p=995"},"modified":"2025-07-18T14:18:08","modified_gmt":"2025-07-18T13:18:08","slug":"ca-moi-sot-ca-thuan-chay-dang-hop-150gr","status":"publish","type":"product","link":"https:\/\/thucphamchayhoalacfood.com\/index.php\/product\/ca-moi-sot-ca-thuan-chay-dang-hop-150gr\/","title":{"rendered":"C\u00e1 m\u1ed3i s\u1ed1t c\u00e0 thu\u1ea7n chay (d\u1ea1ng h\u1ed9p 150gr)"},"content":{"rendered":"\n<p>\u0111\u1ea1m \u0111\u1eadu n\u00e0nh gia v\u1ecb thu\u1ea7n chay<br>m\u1ed9t h\u1ed9p g\u1ed3m 2 mi\u1ebfng c\u00e1 to \u0111\u00f9ng<br>D\u00f9ng v\u1edbi c\u01a1m hoac b\u00e1nh m\u00ec<br>cho b\u1eeda c\u01a1m th\u00eam tr\u1ecdn v\u1ecb<\/p>\n","protected":false},"excerpt":{"rendered":"<p>\u0111\u1ea1m \u0111\u1eadu n\u00e0nh gia v\u1ecb thu\u1ea7n chaym\u1ed9t h\u1ed9p g\u1ed3m 2 mi\u1ebfng c\u00e1 to \u0111\u00f9ngD\u00f9ng v\u1edbi c\u01a1m hoac b\u00e1nh m\u00eccho b\u1eeda c\u01a1m th\u00eam tr\u1ecdn v\u1ecb<\/p>\n","protected":false},"featured_media":996,"comment_status":"open","ping_status":"closed","template":"","meta":{"om_disable_all_campaigns":false,"_monsterinsights_skip_tracking":false,"_monsterinsights_sitenote_active":false,"_monsterinsights_sitenote_note":"","_monsterinsights_sitenote_category":0},"product_cat":[26],"product_tag":[],"_links":{"self":[{"href":"https:\/\/thucphamchayhoalacfood.com\/index.php\/wp-json\/wp\/v2\/product\/995"}],"collection":[{"href":"https:\/\/thucphamchayhoalacfood.com\/index.php\/wp-json\/wp\/v2\/product"}],"about":[{"href":"https:\/\/thucphamchayhoalacfood.com\/index.php\/wp-json\/wp\/v2\/types\/product"}],"replies":[{"embeddable":true,"href":"https:\/\/thucphamchayhoalacfood.com\/index.php\/wp-json\/wp\/v2\/comments?post=995"}],"wp:featuredmedia":[{"embeddable":true,"href":"https:\/\/thucphamchayhoalacfood.com\/index.php\/wp-json\/wp\/v2\/media\/996"}],"wp:attachment":[{"href":"https:\/\/thucphamchayhoalacfood.com\/index.php\/wp-json\/wp\/v2\/media?parent=995"}],"wp:term":[{"taxonomy":"product_cat","embeddable":true,"href":"https:\/\/thucphamchayhoalacfood.com\/index.php\/wp-json\/wp\/v2\/product_cat?post=995"},{"taxonomy":"product_tag","embeddable":true,"href":"https:\/\/thucphamchayhoalacfood.com\/index.php\/wp-json\/wp\/v2\/product_tag?post=995"}],"curies":[{"name":"wp","href":"https:\/\/api.w.org\/{rel}","templated":true}]}}