{"id":992,"date":"2023-09-19T10:11:26","date_gmt":"2023-09-19T09:11:26","guid":{"rendered":"https:\/\/thucphamchayhoalacfood.com\/?post_type=product&#038;p=992"},"modified":"2023-09-21T08:23:31","modified_gmt":"2023-09-21T07:23:31","slug":"thit-de-khang-duc-chay-500gr","status":"publish","type":"product","link":"https:\/\/thucphamchayhoalacfood.com\/index.php\/product\/thit-de-khang-duc-chay-500gr\/","title":{"rendered":"Thit d\u00ea Khang \u0110\u1ee9c chay 500gr"},"content":{"rendered":"\n<p>Th\u1ecbt d\u00ea chay ( ch\u00e2n n\u1ea5m chay)<br>B\u1ea1n c\u1ea7n ch\u00e2n n\u1ea5m l\u00e0m s\u1ea1ch v\u00e0 c\u00f3 th\u1ec3 ch\u1ebf bi\u1ebfn \u0103n li\u1ec1n?<br>B\u1ea1n mu\u1ed1n t\u1ef1 n\u1ea5u m\u1ed9t m\u00f3n n\u1ea5m th\u1eadt ngon ngay t\u1ea1i nh\u00e0?<\/p>\n\n\n\n<p>B\u1ea1n mu\u1ed1n ch\u00e2n n\u1ea5m CH\u1ea4T L\u01af\u1ee2NG &#8211; GI\u00c1 R\u1eba ?<br>Th\u1ef1c ph\u1ea9m chay Hoa L\u1ea1c \u0111\u00e3 cung c\u1ea5p th\u00eam cho kh\u00e1ch s\u1ea3n ph\u1ea9m ch\u00e2n n\u1ea5m gia v\u1ecb s\u1eb5n r\u1ed3i \u0111\u00e2y \u1ea1!<\/p>\n\n\n\n<p>Ch\u1eafc h\u1eb3n ch\u00e2n n\u1ea5m kh\u00f4ng c\u00f2n l\u1ea1 l\u1eabm g\u00ec v\u1edbi m\u1ecdi ng\u01b0\u1eddi khi \u0103n chay ph\u1ea3i kh\u00f4ng n\u00e0o.<br>B\u1ea1n c\u00f3 th\u1ec3 d\u1ec5 d\u00e0ng ch\u1ebf bi\u1ebfn \u0111\u01b0\u1ee3c c\u00e1c m\u00f3n nh\u01b0: Ch\u00e2n n\u1ea5m kho m\u1eafm ru\u1ed1c, ch\u00e2n n\u1ea5m x\u00e0o s\u1ea3 \u1edbt l\u00e1 chanh, n\u1ea5u l\u1ea9u, h\u1ee7 ti\u1ebfu,\u2026<\/p>\n\n\n\n<p>\ud83d\udc49 M\u1ed7i c\u00e1ch ch\u1ebf bi\u1ebfn kh\u00e1c nhau s\u1ebd t\u1ea1o ra nh\u1eefng m\u00f3n chay ngon v\u00e0 ph\u00f9 h\u1ee3p v\u1edbi kh\u1ea9u v\u1ecb gia \u0111\u1ecbnh b\u1ea1n!<br>Mau tay ib \u0111\u1eb7t h\u00e0ng \u0111\u1ec3 c\u00f3 ngay ch\u00e2n n\u1ea5m trong t\u1ee7 l\u1ea1nh nh\u00e0 b\u1ea1n nh\u00e9!<br>Lh 0969873871<\/p>\n","protected":false},"excerpt":{"rendered":"<p>( ch\u1ec9 gia khu v\u1ef1c Tphcm)<\/p>\n","protected":false},"featured_media":994,"comment_status":"open","ping_status":"closed","template":"","meta":{"om_disable_all_campaigns":false,"_monsterinsights_skip_tracking":false,"_monsterinsights_sitenote_active":false,"_monsterinsights_sitenote_note":"","_monsterinsights_sitenote_category":0},"product_cat":[24],"product_tag":[],"_links":{"self":[{"href":"https:\/\/thucphamchayhoalacfood.com\/index.php\/wp-json\/wp\/v2\/product\/992"}],"collection":[{"href":"https:\/\/thucphamchayhoalacfood.com\/index.php\/wp-json\/wp\/v2\/product"}],"about":[{"href":"https:\/\/thucphamchayhoalacfood.com\/index.php\/wp-json\/wp\/v2\/types\/product"}],"replies":[{"embeddable":true,"href":"https:\/\/thucphamchayhoalacfood.com\/index.php\/wp-json\/wp\/v2\/comments?post=992"}],"wp:featuredmedia":[{"embeddable":true,"href":"https:\/\/thucphamchayhoalacfood.com\/index.php\/wp-json\/wp\/v2\/media\/994"}],"wp:attachment":[{"href":"https:\/\/thucphamchayhoalacfood.com\/index.php\/wp-json\/wp\/v2\/media?parent=992"}],"wp:term":[{"taxonomy":"product_cat","embeddable":true,"href":"https:\/\/thucphamchayhoalacfood.com\/index.php\/wp-json\/wp\/v2\/product_cat?post=992"},{"taxonomy":"product_tag","embeddable":true,"href":"https:\/\/thucphamchayhoalacfood.com\/index.php\/wp-json\/wp\/v2\/product_tag?post=992"}],"curies":[{"name":"wp","href":"https:\/\/api.w.org\/{rel}","templated":true}]}}