{"id":990,"date":"2023-09-19T10:10:30","date_gmt":"2023-09-19T09:10:30","guid":{"rendered":"https:\/\/thucphamchayhoalacfood.com\/?post_type=product&#038;p=990"},"modified":"2023-09-21T08:22:27","modified_gmt":"2023-09-21T07:22:27","slug":"thit-bam-chay-au-lac-100gr","status":"publish","type":"product","link":"https:\/\/thucphamchayhoalacfood.com\/index.php\/product\/thit-bam-chay-au-lac-100gr\/","title":{"rendered":"Th\u1ecbt b\u1eb1m chay \u00c2u L\u1ea1c 100gr"},"content":{"rendered":"\n<p>Thanh ph\u1ea7n : \u0111\u1eadu nanh<br>c\u00e1ch dung: ng\u00e2m m\u1ec1m v\u1eaft r\u00e1o n\u01b0\u1edbc n\u1ea5u canh, n\u1ea5u h\u1ee7 ti\u1ebfu chay<br>33 tho\u1ea1i Ng\u1ecdc h\u1ea7u ho\u00e0 th\u00e0nh T\u00e2n phu<br>0969873871<\/p>\n","protected":false},"excerpt":{"rendered":"<p>Thanh ph\u1ea7n : \u0111\u1eadu nanhc\u00e1ch dung: ng\u00e2m m\u1ec1m v\u1eaft r\u00e1o n\u01b0\u1edbc n\u1ea5u canh, n\u1ea5u h\u1ee7 ti\u1ebfu chay33 tho\u1ea1i Ng\u1ecdc h\u1ea7u ho\u00e0 th\u00e0nh T\u00e2n phu0969873871<\/p>\n","protected":false},"featured_media":991,"comment_status":"open","ping_status":"closed","template":"","meta":{"om_disable_all_campaigns":false,"_monsterinsights_skip_tracking":false,"_monsterinsights_sitenote_active":false,"_monsterinsights_sitenote_note":"","_monsterinsights_sitenote_category":0},"product_cat":[23],"product_tag":[],"_links":{"self":[{"href":"https:\/\/thucphamchayhoalacfood.com\/index.php\/wp-json\/wp\/v2\/product\/990"}],"collection":[{"href":"https:\/\/thucphamchayhoalacfood.com\/index.php\/wp-json\/wp\/v2\/product"}],"about":[{"href":"https:\/\/thucphamchayhoalacfood.com\/index.php\/wp-json\/wp\/v2\/types\/product"}],"replies":[{"embeddable":true,"href":"https:\/\/thucphamchayhoalacfood.com\/index.php\/wp-json\/wp\/v2\/comments?post=990"}],"wp:featuredmedia":[{"embeddable":true,"href":"https:\/\/thucphamchayhoalacfood.com\/index.php\/wp-json\/wp\/v2\/media\/991"}],"wp:attachment":[{"href":"https:\/\/thucphamchayhoalacfood.com\/index.php\/wp-json\/wp\/v2\/media?parent=990"}],"wp:term":[{"taxonomy":"product_cat","embeddable":true,"href":"https:\/\/thucphamchayhoalacfood.com\/index.php\/wp-json\/wp\/v2\/product_cat?post=990"},{"taxonomy":"product_tag","embeddable":true,"href":"https:\/\/thucphamchayhoalacfood.com\/index.php\/wp-json\/wp\/v2\/product_tag?post=990"}],"curies":[{"name":"wp","href":"https:\/\/api.w.org\/{rel}","templated":true}]}}