{"id":988,"date":"2023-09-19T10:09:55","date_gmt":"2023-09-19T09:09:55","guid":{"rendered":"https:\/\/thucphamchayhoalacfood.com\/?post_type=product&#038;p=988"},"modified":"2025-09-26T04:48:49","modified_gmt":"2025-09-26T03:48:49","slug":"lo-tai-heo-chay-au-lac-130gr-goi","status":"publish","type":"product","link":"https:\/\/thucphamchayhoalacfood.com\/index.php\/product\/lo-tai-heo-chay-au-lac-130gr-goi\/","title":{"rendered":"L\u1ed7 tai Heo chay \u00c2u L\u1ea1c 130gr\/g\u00f3i"},"content":{"rendered":"\n<p>th\u00e0nh ph\u1ea7n : mu\u1ed1i duong gia v\u1ecb thu\u1ea7n chay, thinh b\u1ed9t bi\u1ebfn<br>c\u00e1ch d\u00f9ng :x\u00e9 bao ra tr\u00fat h\u1ebft n\u01b0\u1edbc, r\u1eeda l\u1ea1i v\u1edbi n\u01b0\u1edbc s\u1ea1ch , d\u00f9ng \u0111\u1ec3 x\u00e0o chien tu\u1ef3 th\u00edch l\u00e0m g\u1ecfi<br>33 tho\u1ea1i ng\u1ecdc h\u1ea7u h\u00f2a th\u1ea1nh t\u00e2n ph\u00fa<br>th\u1ef1c ph\u1ea9m chay Hoa l\u1ea1c<br>0969873871<\/p>\n","protected":false},"excerpt":{"rendered":"<p>th\u00e0nh ph\u1ea7n : mu\u1ed1i duong gia v\u1ecb thu\u1ea7n chay, thinh b\u1ed9t bi\u1ebfnc\u00e1ch d\u00f9ng :x\u00e9 bao ra tr\u00fat h\u1ebft n\u01b0\u1edbc, r\u1eeda l\u1ea1i v\u1edbi n\u01b0\u1edbc s\u1ea1ch , d\u00f9ng \u0111\u1ec3 x\u00e0o chien tu\u1ef3 th\u00edch l\u00e0m g\u1ecfi33 tho\u1ea1i ng\u1ecdc h\u1ea7u h\u00f2a th\u1ea1nh t\u00e2n ph\u00fath\u1ef1c ph\u1ea9m chay Hoa l\u1ea1c0969873871<\/p>\n","protected":false},"featured_media":989,"comment_status":"open","ping_status":"closed","template":"","meta":{"om_disable_all_campaigns":false,"_monsterinsights_skip_tracking":false,"_monsterinsights_sitenote_active":false,"_monsterinsights_sitenote_note":"","_monsterinsights_sitenote_category":0},"product_cat":[23],"product_tag":[],"_links":{"self":[{"href":"https:\/\/thucphamchayhoalacfood.com\/index.php\/wp-json\/wp\/v2\/product\/988"}],"collection":[{"href":"https:\/\/thucphamchayhoalacfood.com\/index.php\/wp-json\/wp\/v2\/product"}],"about":[{"href":"https:\/\/thucphamchayhoalacfood.com\/index.php\/wp-json\/wp\/v2\/types\/product"}],"replies":[{"embeddable":true,"href":"https:\/\/thucphamchayhoalacfood.com\/index.php\/wp-json\/wp\/v2\/comments?post=988"}],"wp:featuredmedia":[{"embeddable":true,"href":"https:\/\/thucphamchayhoalacfood.com\/index.php\/wp-json\/wp\/v2\/media\/989"}],"wp:attachment":[{"href":"https:\/\/thucphamchayhoalacfood.com\/index.php\/wp-json\/wp\/v2\/media?parent=988"}],"wp:term":[{"taxonomy":"product_cat","embeddable":true,"href":"https:\/\/thucphamchayhoalacfood.com\/index.php\/wp-json\/wp\/v2\/product_cat?post=988"},{"taxonomy":"product_tag","embeddable":true,"href":"https:\/\/thucphamchayhoalacfood.com\/index.php\/wp-json\/wp\/v2\/product_tag?post=988"}],"curies":[{"name":"wp","href":"https:\/\/api.w.org\/{rel}","templated":true}]}}