{"id":979,"date":"2023-09-19T10:03:35","date_gmt":"2023-09-19T09:03:35","guid":{"rendered":"https:\/\/thucphamchayhoalacfood.com\/?post_type=product&#038;p=979"},"modified":"2025-07-18T14:30:29","modified_gmt":"2025-07-18T13:30:29","slug":"cha-gion-xop-chay-ngon-ngon-500gr","status":"publish","type":"product","link":"https:\/\/thucphamchayhoalacfood.com\/index.php\/product\/cha-gion-xop-chay-ngon-ngon-500gr\/","title":{"rendered":"Ch\u1ea3 gi\u00f2n x\u1ed1p chay ngon ngon 500gr"},"content":{"rendered":"\n<p>Ch\u1ea3 gi\u00f2 Da x\u1ed1p chay 30 cu\u1ed1n<br>\u2014\u2014 Gi\u00e1 r\u1ebb b\u1ea5t ng\u1edd<br>Th\u00e0nh ph\u1ea7n : rau c\u1ee7 qu\u1ea3 \u0111\u1eadu xanh ,<br>C\u00e1ch d\u00f9ng ; chi\u00ean l\u00ean dung chung v\u1edbi b\u00fan v\u1edbi rau hoac an v\u1edbi tuong \u1edbt r\u1ea5t ngon \u1ea1<br>Nh\u00e2n v\u1eeba \u0103n kh\u00f4ng qu\u00e1 nh\u00ecu s\u1ebd kh\u00f4ng b\u1ecb ng\u00e1n<br>An to\u00e0n v\u1ec7 sinh n\u00ean c\u1ea3 nh\u00e0 an t\u00e2m dung ne<\/p>\n\n\n\n<p>Lh 0969873871<\/p>\n","protected":false},"excerpt":{"rendered":"<p>(ch\u1ec9 gia khu v\u1ef1c Tphcm)<\/p>\n","protected":false},"featured_media":980,"comment_status":"open","ping_status":"closed","template":"","meta":{"om_disable_all_campaigns":false,"_monsterinsights_skip_tracking":false,"_monsterinsights_sitenote_active":false,"_monsterinsights_sitenote_note":"","_monsterinsights_sitenote_category":0},"product_cat":[24],"product_tag":[],"_links":{"self":[{"href":"https:\/\/thucphamchayhoalacfood.com\/index.php\/wp-json\/wp\/v2\/product\/979"}],"collection":[{"href":"https:\/\/thucphamchayhoalacfood.com\/index.php\/wp-json\/wp\/v2\/product"}],"about":[{"href":"https:\/\/thucphamchayhoalacfood.com\/index.php\/wp-json\/wp\/v2\/types\/product"}],"replies":[{"embeddable":true,"href":"https:\/\/thucphamchayhoalacfood.com\/index.php\/wp-json\/wp\/v2\/comments?post=979"}],"wp:featuredmedia":[{"embeddable":true,"href":"https:\/\/thucphamchayhoalacfood.com\/index.php\/wp-json\/wp\/v2\/media\/980"}],"wp:attachment":[{"href":"https:\/\/thucphamchayhoalacfood.com\/index.php\/wp-json\/wp\/v2\/media?parent=979"}],"wp:term":[{"taxonomy":"product_cat","embeddable":true,"href":"https:\/\/thucphamchayhoalacfood.com\/index.php\/wp-json\/wp\/v2\/product_cat?post=979"},{"taxonomy":"product_tag","embeddable":true,"href":"https:\/\/thucphamchayhoalacfood.com\/index.php\/wp-json\/wp\/v2\/product_tag?post=979"}],"curies":[{"name":"wp","href":"https:\/\/api.w.org\/{rel}","templated":true}]}}