{"id":972,"date":"2023-09-19T10:00:10","date_gmt":"2023-09-19T09:00:10","guid":{"rendered":"https:\/\/thucphamchayhoalacfood.com\/?post_type=product&#038;p=972"},"modified":"2024-08-21T10:03:59","modified_gmt":"2024-08-21T09:03:59","slug":"bo-lat-chay-phuong-loan-100gr","status":"publish","type":"product","link":"https:\/\/thucphamchayhoalacfood.com\/index.php\/product\/bo-lat-chay-phuong-loan-100gr\/","title":{"rendered":"B\u00f2 L\u00e1t Hoa L\u1ea1c  100gr"},"content":{"rendered":"\n<p>Thanh ph\u1ea7n : \u0111\u1eadu nanh<br>c\u00e1ch dung: ng\u00e2m m\u1ec1m v\u1eaft r\u00e1o n\u01b0\u1edbc chi\u00ean gi\u00f2n , x\u00e0o rau , n\u1ea5u b\u00fan b\u00f2 h\u00e0ng kh\u00f4<br>33 tho\u1ea1i Ng\u1ecdc h\u1ea7u ho\u00e0 th\u00e0nh T\u00e2n phu<br>0969873871<\/p>\n","protected":false},"excerpt":{"rendered":"<p>Thanh ph\u1ea7n : \u0111\u1eadu nanhc\u00e1ch dung: ng\u00e2m m\u1ec1m v\u1eaft r\u00e1o n\u01b0\u1edbc chi\u00ean gi\u00f2n , x\u00e0o rau , n\u1ea5u b\u00fan b\u00f2 h\u00e0ng kh\u00f433 tho\u1ea1i Ng\u1ecdc h\u1ea7u ho\u00e0 th\u00e0nh T\u00e2n phu0969873871<\/p>\n","protected":false},"featured_media":1854,"comment_status":"open","ping_status":"closed","template":"","meta":{"om_disable_all_campaigns":false,"_monsterinsights_skip_tracking":false,"_monsterinsights_sitenote_active":false,"_monsterinsights_sitenote_note":"","_monsterinsights_sitenote_category":0},"product_cat":[23],"product_tag":[],"_links":{"self":[{"href":"https:\/\/thucphamchayhoalacfood.com\/index.php\/wp-json\/wp\/v2\/product\/972"}],"collection":[{"href":"https:\/\/thucphamchayhoalacfood.com\/index.php\/wp-json\/wp\/v2\/product"}],"about":[{"href":"https:\/\/thucphamchayhoalacfood.com\/index.php\/wp-json\/wp\/v2\/types\/product"}],"replies":[{"embeddable":true,"href":"https:\/\/thucphamchayhoalacfood.com\/index.php\/wp-json\/wp\/v2\/comments?post=972"}],"wp:featuredmedia":[{"embeddable":true,"href":"https:\/\/thucphamchayhoalacfood.com\/index.php\/wp-json\/wp\/v2\/media\/1854"}],"wp:attachment":[{"href":"https:\/\/thucphamchayhoalacfood.com\/index.php\/wp-json\/wp\/v2\/media?parent=972"}],"wp:term":[{"taxonomy":"product_cat","embeddable":true,"href":"https:\/\/thucphamchayhoalacfood.com\/index.php\/wp-json\/wp\/v2\/product_cat?post=972"},{"taxonomy":"product_tag","embeddable":true,"href":"https:\/\/thucphamchayhoalacfood.com\/index.php\/wp-json\/wp\/v2\/product_tag?post=972"}],"curies":[{"name":"wp","href":"https:\/\/api.w.org\/{rel}","templated":true}]}}