{"id":97,"date":"2023-09-08T03:56:57","date_gmt":"2023-09-08T02:56:57","guid":{"rendered":"https:\/\/thucphamchayhoalacfood.com\/?post_type=product&#038;p=97"},"modified":"2023-09-20T17:52:17","modified_gmt":"2023-09-20T16:52:17","slug":"ca-loc-kho-tieu-thuan-chay","status":"publish","type":"product","link":"https:\/\/thucphamchayhoalacfood.com\/index.php\/product\/ca-loc-kho-tieu-thuan-chay\/","title":{"rendered":"C\u00e1 l\u00f3c kho ti\u00eau thu\u1ea7n chay"},"content":{"rendered":"\n<p>L\u00e0m t\u1eeb s\u01b0\u1eddn non gia v\u1ecb thu\u1ea7n chay<br>l\u00e0m n\u00f3ng l\u00e0 c\u00f3 th\u1ec3 d\u00f9ng dc<br>c\u00e1 chay dai k b\u1ecb b\u1ee1<br>h\u00e0ng \u0111\u00f4ng l\u1ea1nh<br>1 g\u00f3i \u0111\u01b0\u1ee3c 5 mi\u1ebfng<\/p>\n","protected":false},"excerpt":{"rendered":"<p>L\u00e0m t\u1eeb s\u01b0\u1eddn non gia v\u1ecb thu\u1ea7n chayl\u00e0m n\u00f3ng l\u00e0 c\u00f3 th\u1ec3 d\u00f9ng dcc\u00e1 chay dai k b\u1ecb b\u1ee1h\u00e0ng \u0111\u00f4ng l\u1ea1nh1 g\u00f3i \u0111\u01b0\u1ee3c 5 mi\u1ebfng<\/p>\n","protected":false},"featured_media":98,"comment_status":"open","ping_status":"closed","template":"","meta":{"om_disable_all_campaigns":false,"_monsterinsights_skip_tracking":false,"_monsterinsights_sitenote_active":false,"_monsterinsights_sitenote_note":"","_monsterinsights_sitenote_category":0},"product_cat":[24],"product_tag":[],"_links":{"self":[{"href":"https:\/\/thucphamchayhoalacfood.com\/index.php\/wp-json\/wp\/v2\/product\/97"}],"collection":[{"href":"https:\/\/thucphamchayhoalacfood.com\/index.php\/wp-json\/wp\/v2\/product"}],"about":[{"href":"https:\/\/thucphamchayhoalacfood.com\/index.php\/wp-json\/wp\/v2\/types\/product"}],"replies":[{"embeddable":true,"href":"https:\/\/thucphamchayhoalacfood.com\/index.php\/wp-json\/wp\/v2\/comments?post=97"}],"wp:featuredmedia":[{"embeddable":true,"href":"https:\/\/thucphamchayhoalacfood.com\/index.php\/wp-json\/wp\/v2\/media\/98"}],"wp:attachment":[{"href":"https:\/\/thucphamchayhoalacfood.com\/index.php\/wp-json\/wp\/v2\/media?parent=97"}],"wp:term":[{"taxonomy":"product_cat","embeddable":true,"href":"https:\/\/thucphamchayhoalacfood.com\/index.php\/wp-json\/wp\/v2\/product_cat?post=97"},{"taxonomy":"product_tag","embeddable":true,"href":"https:\/\/thucphamchayhoalacfood.com\/index.php\/wp-json\/wp\/v2\/product_tag?post=97"}],"curies":[{"name":"wp","href":"https:\/\/api.w.org\/{rel}","templated":true}]}}