{"id":961,"date":"2023-09-19T08:57:25","date_gmt":"2023-09-19T07:57:25","guid":{"rendered":"https:\/\/thucphamchayhoalacfood.com\/?post_type=product&#038;p=961"},"modified":"2025-07-18T14:23:14","modified_gmt":"2025-07-18T13:23:14","slug":"kho-tu-bi-chay","status":"publish","type":"product","link":"https:\/\/thucphamchayhoalacfood.com\/index.php\/product\/kho-tu-bi-chay\/","title":{"rendered":"Kh\u00f4 t\u1eeb bi chay"},"content":{"rendered":"\n<p>\ud83c\udf40\ud83c\udf40KH\u00d4 T\u1eea Bi CHAY si\u00eau b\u1eaft c\u01a1m<\/p>\n\n\n\n<p>\u27a1\ufe0f\u27a1\ufe0fchay m\u1ed9t n\u1eafng l\u00e0 m\u1ed9t m\u00f3n chay ngon \u0111\u01b0\u1ee3c l\u00e0m t\u1eeb 100% h\u1ee7 ky t\u01b0\u01a1i nguy\u00ean ch\u1ea5t h\u00f2a quy\u1ec7n v\u1edbi c\u00f4ng th\u1ee9c ri\u00eang bi\u1ec7t v\u00e0 gia v\u1ecb thu\u1ea7n chay t\u1ea1o n\u00ean m\u1ed9t m\u00f3n \u0103n r\u1ea5t ngon, d\u1ec5 ghi\u1ec1n v\u00e0 r\u1ea5t hao c\u01a1m \u1ea1!<\/p>\n\n\n\n<p>\u27a1\ufe0f\u27a1\ufe0f\u27a1\ufe0fKhi d\u00f9ng qu\u00fd kh\u00e1ch ch\u1ec9 c\u1ea7n r\u1ea3 \u0111\u00f4ng r\u1ed3i m\u00ecnh chi\u00ean l\u00ean d\u00f9ng v\u1edbi c\u01a1m tr\u1eafng \u1ea1. V\u1eeba nhanh v\u1eeba ngon n\u1eefa \u1ea1!<br>L\u1edbp b\u00ean ngo\u00e0i h\u1ee7 ki gi\u00f2n gi\u00f2n b\u00ean trong b\u00e9o b\u00e9o kh\u00f4ng qu\u00e1 m\u1eb7n t\u1ea1o n\u00ean huong v\u1ecb kh\u00f3 qu\u00ean<\/p>\n\n\n\n<p>\ud83d\ude4f<br>Lh 0969873871<br>Th\u1ef1c ph\u1ea9m chay Hoa L\u1ea1c<br>Dc 33 tho\u1ea1i Ng\u1ecdc h\u1ea7u ho\u00e0 th\u1ea1nh T\u00e2n Ph\u00fa<\/p>\n","protected":false},"excerpt":{"rendered":"<p>( ch\u1ec9 giao khu v\u1ef1c Tphcm)<\/p>\n","protected":false},"featured_media":962,"comment_status":"open","ping_status":"closed","template":"","meta":{"om_disable_all_campaigns":false,"_monsterinsights_skip_tracking":false,"_monsterinsights_sitenote_active":false,"_monsterinsights_sitenote_note":"","_monsterinsights_sitenote_category":0},"product_cat":[24],"product_tag":[],"_links":{"self":[{"href":"https:\/\/thucphamchayhoalacfood.com\/index.php\/wp-json\/wp\/v2\/product\/961"}],"collection":[{"href":"https:\/\/thucphamchayhoalacfood.com\/index.php\/wp-json\/wp\/v2\/product"}],"about":[{"href":"https:\/\/thucphamchayhoalacfood.com\/index.php\/wp-json\/wp\/v2\/types\/product"}],"replies":[{"embeddable":true,"href":"https:\/\/thucphamchayhoalacfood.com\/index.php\/wp-json\/wp\/v2\/comments?post=961"}],"wp:featuredmedia":[{"embeddable":true,"href":"https:\/\/thucphamchayhoalacfood.com\/index.php\/wp-json\/wp\/v2\/media\/962"}],"wp:attachment":[{"href":"https:\/\/thucphamchayhoalacfood.com\/index.php\/wp-json\/wp\/v2\/media?parent=961"}],"wp:term":[{"taxonomy":"product_cat","embeddable":true,"href":"https:\/\/thucphamchayhoalacfood.com\/index.php\/wp-json\/wp\/v2\/product_cat?post=961"},{"taxonomy":"product_tag","embeddable":true,"href":"https:\/\/thucphamchayhoalacfood.com\/index.php\/wp-json\/wp\/v2\/product_tag?post=961"}],"curies":[{"name":"wp","href":"https:\/\/api.w.org\/{rel}","templated":true}]}}