{"id":959,"date":"2023-09-19T08:56:49","date_gmt":"2023-09-19T07:56:49","guid":{"rendered":"https:\/\/thucphamchayhoalacfood.com\/?post_type=product&#038;p=959"},"modified":"2025-07-18T14:37:45","modified_gmt":"2025-07-18T13:37:45","slug":"mam-dau-chay-an-lac-1kg-chua-lam","status":"publish","type":"product","link":"https:\/\/thucphamchayhoalacfood.com\/index.php\/product\/mam-dau-chay-an-lac-1kg-chua-lam\/","title":{"rendered":"M\u1eafm \u0111\u1eadu chay An L\u1ea1c 1kg ( ch\u01b0a l\u00e0m )"},"content":{"rendered":"\n<p>th\u00e0nh ph\u1ea7n \u0111\u1eadu n\u00e0nh gia v\u1ecb chay<br>D\u00f9ng \u0111\u1ec3 kho m\u1eafm hoac n\u1ea5u b\u00fan m\u1eafm, m\u1eafm ch\u01b0ng<br>33 tho\u1ea1i Ng\u1ecdc h\u1ea7u ho\u00e0 th\u00e0nh T\u00e2n phu<br>0969873871<\/p>\n","protected":false},"excerpt":{"rendered":"<p>th\u00e0nh ph\u1ea7n \u0111\u1eadu n\u00e0nh gia v\u1ecb chayD\u00f9ng \u0111\u1ec3 kho m\u1eafm hoac n\u1ea5u b\u00fan m\u1eafm, m\u1eafm ch\u01b0ng33 tho\u1ea1i Ng\u1ecdc h\u1ea7u ho\u00e0 th\u00e0nh T\u00e2n phu0969873871<\/p>\n","protected":false},"featured_media":960,"comment_status":"open","ping_status":"closed","template":"","meta":{"om_disable_all_campaigns":false,"_monsterinsights_skip_tracking":false,"_monsterinsights_sitenote_active":false,"_monsterinsights_sitenote_note":"","_monsterinsights_sitenote_category":0},"product_cat":[25],"product_tag":[],"_links":{"self":[{"href":"https:\/\/thucphamchayhoalacfood.com\/index.php\/wp-json\/wp\/v2\/product\/959"}],"collection":[{"href":"https:\/\/thucphamchayhoalacfood.com\/index.php\/wp-json\/wp\/v2\/product"}],"about":[{"href":"https:\/\/thucphamchayhoalacfood.com\/index.php\/wp-json\/wp\/v2\/types\/product"}],"replies":[{"embeddable":true,"href":"https:\/\/thucphamchayhoalacfood.com\/index.php\/wp-json\/wp\/v2\/comments?post=959"}],"wp:featuredmedia":[{"embeddable":true,"href":"https:\/\/thucphamchayhoalacfood.com\/index.php\/wp-json\/wp\/v2\/media\/960"}],"wp:attachment":[{"href":"https:\/\/thucphamchayhoalacfood.com\/index.php\/wp-json\/wp\/v2\/media?parent=959"}],"wp:term":[{"taxonomy":"product_cat","embeddable":true,"href":"https:\/\/thucphamchayhoalacfood.com\/index.php\/wp-json\/wp\/v2\/product_cat?post=959"},{"taxonomy":"product_tag","embeddable":true,"href":"https:\/\/thucphamchayhoalacfood.com\/index.php\/wp-json\/wp\/v2\/product_tag?post=959"}],"curies":[{"name":"wp","href":"https:\/\/api.w.org\/{rel}","templated":true}]}}