{"id":957,"date":"2023-09-19T08:56:07","date_gmt":"2023-09-19T07:56:07","guid":{"rendered":"https:\/\/thucphamchayhoalacfood.com\/?post_type=product&#038;p=957"},"modified":"2023-09-21T07:54:23","modified_gmt":"2023-09-21T06:54:23","slug":"mi-reva-lay-nam-chua-chay-vifon-85gr","status":"publish","type":"product","link":"https:\/\/thucphamchayhoalacfood.com\/index.php\/product\/mi-reva-lay-nam-chua-chay-vifon-85gr\/","title":{"rendered":"M\u00ec reva l\u1eaby n\u1ea5m chua chay vifon 85gr"},"content":{"rendered":"\n<p>s\u1ee3i m\u00ec dai \u0103n chua chua cay cay<br>g\u00f3i gia v\u1ecb c\u00f3 n\u1ea5m<br>m\u00ec \u0103n r\u1ea5t ngon c\u1ea3 nh\u00e0 n\u00ean th\u1eed nh\u00e9 tuy\u1ec7t v\u1eddi<br>hsd 6 th\u00e1ng<br>Th\u1ef1c ph\u1ea9m chay hoa L\u1ea1c<br>33 tho\u1ea1i Ng\u1ecdc h\u1ea7u ho\u00e0 th\u1ea1nh T\u00e2n Ph\u00fa<br>0969873871<\/p>\n","protected":false},"excerpt":{"rendered":"<p>s\u1ee3i m\u00ec dai \u0103n chua chua cay cayg\u00f3i gia v\u1ecb c\u00f3 n\u1ea5mm\u00ec \u0103n r\u1ea5t ngon c\u1ea3 nh\u00e0 n\u00ean th\u1eed nh\u00e9 tuy\u1ec7t v\u1eddihsd 6 th\u00e1ngTh\u1ef1c ph\u1ea9m chay hoa L\u1ea1c33 tho\u1ea1i Ng\u1ecdc h\u1ea7u ho\u00e0 th\u1ea1nh T\u00e2n Ph\u00fa0969873871<\/p>\n","protected":false},"featured_media":958,"comment_status":"open","ping_status":"closed","template":"","meta":{"om_disable_all_campaigns":false,"_monsterinsights_skip_tracking":false,"_monsterinsights_sitenote_active":false,"_monsterinsights_sitenote_note":"","_monsterinsights_sitenote_category":0},"product_cat":[28],"product_tag":[],"_links":{"self":[{"href":"https:\/\/thucphamchayhoalacfood.com\/index.php\/wp-json\/wp\/v2\/product\/957"}],"collection":[{"href":"https:\/\/thucphamchayhoalacfood.com\/index.php\/wp-json\/wp\/v2\/product"}],"about":[{"href":"https:\/\/thucphamchayhoalacfood.com\/index.php\/wp-json\/wp\/v2\/types\/product"}],"replies":[{"embeddable":true,"href":"https:\/\/thucphamchayhoalacfood.com\/index.php\/wp-json\/wp\/v2\/comments?post=957"}],"wp:featuredmedia":[{"embeddable":true,"href":"https:\/\/thucphamchayhoalacfood.com\/index.php\/wp-json\/wp\/v2\/media\/958"}],"wp:attachment":[{"href":"https:\/\/thucphamchayhoalacfood.com\/index.php\/wp-json\/wp\/v2\/media?parent=957"}],"wp:term":[{"taxonomy":"product_cat","embeddable":true,"href":"https:\/\/thucphamchayhoalacfood.com\/index.php\/wp-json\/wp\/v2\/product_cat?post=957"},{"taxonomy":"product_tag","embeddable":true,"href":"https:\/\/thucphamchayhoalacfood.com\/index.php\/wp-json\/wp\/v2\/product_tag?post=957"}],"curies":[{"name":"wp","href":"https:\/\/api.w.org\/{rel}","templated":true}]}}