{"id":913,"date":"2023-09-19T08:29:02","date_gmt":"2023-09-19T07:29:02","guid":{"rendered":"https:\/\/thucphamchayhoalacfood.com\/?post_type=product&#038;p=913"},"modified":"2025-07-18T14:27:59","modified_gmt":"2025-07-18T13:27:59","slug":"nuoc-mam-chay-lien-thanh-250ml-chai","status":"publish","type":"product","link":"https:\/\/thucphamchayhoalacfood.com\/index.php\/product\/nuoc-mam-chay-lien-thanh-250ml-chai\/","title":{"rendered":"N\u01b0\u1edbc m\u1eafm chay Li\u00ean Th\u00e0nh 250ml\/chai"},"content":{"rendered":"\n<p>Th\u00e0nh ph\u1ea7n : n\u01b0\u1edbc c\u1ed1t tr\u00e1i th\u01a1m, n\u01b0\u01a1\u0301c , mu\u1ed1i gia v\u1ecb chay<br>chai 300ml<br>hsd 1 n\u0103m<br>d\u00f9ng l\u00e0m n\u01b0\u1edbc ch\u1ea5m gia v\u1ecb ch\u1ebf bi\u1ebfn th\u1ee9c \u0103n<br>33 tho\u1ea1i ng\u1ecdc h\u1ea7u h\u00f2a th\u1ea1nh t\u00e2n ph\u00fa<br>th\u1ef1c ph\u1ea9m chay Hoa l\u1ea1c<br>0969873871<\/p>\n","protected":false},"excerpt":{"rendered":"<p>Th\u00e0nh ph\u1ea7n : n\u01b0\u1edbc c\u1ed1t tr\u00e1i th\u01a1m, n\u01b0\u01a1\u0301c , mu\u1ed1i gia v\u1ecb chaychai 300mlhsd 1 n\u0103md\u00f9ng l\u00e0m n\u01b0\u1edbc ch\u1ea5m gia v\u1ecb ch\u1ebf bi\u1ebfn th\u1ee9c \u0103n33 tho\u1ea1i ng\u1ecdc h\u1ea7u h\u00f2a th\u1ea1nh t\u00e2n ph\u00fath\u1ef1c ph\u1ea9m chay Hoa l\u1ea1c0969873871<\/p>\n","protected":false},"featured_media":914,"comment_status":"open","ping_status":"closed","template":"","meta":{"om_disable_all_campaigns":false,"_monsterinsights_skip_tracking":false,"_monsterinsights_sitenote_active":false,"_monsterinsights_sitenote_note":"","_monsterinsights_sitenote_category":0},"product_cat":[25],"product_tag":[],"_links":{"self":[{"href":"https:\/\/thucphamchayhoalacfood.com\/index.php\/wp-json\/wp\/v2\/product\/913"}],"collection":[{"href":"https:\/\/thucphamchayhoalacfood.com\/index.php\/wp-json\/wp\/v2\/product"}],"about":[{"href":"https:\/\/thucphamchayhoalacfood.com\/index.php\/wp-json\/wp\/v2\/types\/product"}],"replies":[{"embeddable":true,"href":"https:\/\/thucphamchayhoalacfood.com\/index.php\/wp-json\/wp\/v2\/comments?post=913"}],"wp:featuredmedia":[{"embeddable":true,"href":"https:\/\/thucphamchayhoalacfood.com\/index.php\/wp-json\/wp\/v2\/media\/914"}],"wp:attachment":[{"href":"https:\/\/thucphamchayhoalacfood.com\/index.php\/wp-json\/wp\/v2\/media?parent=913"}],"wp:term":[{"taxonomy":"product_cat","embeddable":true,"href":"https:\/\/thucphamchayhoalacfood.com\/index.php\/wp-json\/wp\/v2\/product_cat?post=913"},{"taxonomy":"product_tag","embeddable":true,"href":"https:\/\/thucphamchayhoalacfood.com\/index.php\/wp-json\/wp\/v2\/product_tag?post=913"}],"curies":[{"name":"wp","href":"https:\/\/api.w.org\/{rel}","templated":true}]}}