{"id":911,"date":"2023-09-19T08:28:07","date_gmt":"2023-09-19T07:28:07","guid":{"rendered":"https:\/\/thucphamchayhoalacfood.com\/?post_type=product&#038;p=911"},"modified":"2025-09-25T11:00:27","modified_gmt":"2025-09-25T10:00:27","slug":"kho-quet-thuong-chieu-chay-100gr-hu","status":"publish","type":"product","link":"https:\/\/thucphamchayhoalacfood.com\/index.php\/product\/kho-quet-thuong-chieu-chay-100gr-hu\/","title":{"rendered":"Kho qu\u1eb9t th\u01b0\u1eddng chi\u1ebfu chay 100gr \/ h\u1ee7"},"content":{"rendered":"\n<p>th\u00e0nh ph\u1ea7n :\u0111\u1eadu n\u00e0nh, \u0111\u01b0\u1eddng tieu ,<br>gia v\u1ecb v\u1eeba \u0111\u1ee7<br>c\u00e1ch d\u00f9ng :\u0103n v\u1edbi c\u01a1m ho\u1eb7c ch\u1ea5m rau<br>b\u1ea3o qu\u1ea3n n\u01a1i kh\u00f4 tho\u00e1ng<\/p>\n","protected":false},"excerpt":{"rendered":"<p>th\u00e0nh ph\u1ea7n :\u0111\u1eadu n\u00e0nh, \u0111\u01b0\u1eddng tieu ,gia v\u1ecb v\u1eeba \u0111\u1ee7c\u00e1ch d\u00f9ng :\u0103n v\u1edbi c\u01a1m ho\u1eb7c ch\u1ea5m raub\u1ea3o qu\u1ea3n n\u01a1i kh\u00f4 tho\u00e1ng<\/p>\n","protected":false},"featured_media":912,"comment_status":"open","ping_status":"closed","template":"","meta":{"om_disable_all_campaigns":false,"_monsterinsights_skip_tracking":false,"_monsterinsights_sitenote_active":false,"_monsterinsights_sitenote_note":"","_monsterinsights_sitenote_category":0},"product_cat":[25],"product_tag":[],"_links":{"self":[{"href":"https:\/\/thucphamchayhoalacfood.com\/index.php\/wp-json\/wp\/v2\/product\/911"}],"collection":[{"href":"https:\/\/thucphamchayhoalacfood.com\/index.php\/wp-json\/wp\/v2\/product"}],"about":[{"href":"https:\/\/thucphamchayhoalacfood.com\/index.php\/wp-json\/wp\/v2\/types\/product"}],"replies":[{"embeddable":true,"href":"https:\/\/thucphamchayhoalacfood.com\/index.php\/wp-json\/wp\/v2\/comments?post=911"}],"wp:featuredmedia":[{"embeddable":true,"href":"https:\/\/thucphamchayhoalacfood.com\/index.php\/wp-json\/wp\/v2\/media\/912"}],"wp:attachment":[{"href":"https:\/\/thucphamchayhoalacfood.com\/index.php\/wp-json\/wp\/v2\/media?parent=911"}],"wp:term":[{"taxonomy":"product_cat","embeddable":true,"href":"https:\/\/thucphamchayhoalacfood.com\/index.php\/wp-json\/wp\/v2\/product_cat?post=911"},{"taxonomy":"product_tag","embeddable":true,"href":"https:\/\/thucphamchayhoalacfood.com\/index.php\/wp-json\/wp\/v2\/product_tag?post=911"}],"curies":[{"name":"wp","href":"https:\/\/api.w.org\/{rel}","templated":true}]}}