{"id":887,"date":"2023-09-19T08:16:33","date_gmt":"2023-09-19T07:16:33","guid":{"rendered":"https:\/\/thucphamchayhoalacfood.com\/?post_type=product&#038;p=887"},"modified":"2023-09-20T18:00:32","modified_gmt":"2023-09-20T17:00:32","slug":"cha-bong-thit-soi-chay-au-lac-100gr","status":"publish","type":"product","link":"https:\/\/thucphamchayhoalacfood.com\/index.php\/product\/cha-bong-thit-soi-chay-au-lac-100gr\/","title":{"rendered":"Ch\u00e0 b\u00f4ng th\u1ecbt s\u1ee3i chay \u00c2u L\u1ea1c 100gr"},"content":{"rendered":"\n<p>th\u00e0nh ph\u1ea7n : gia v\u1ecb thu\u1ea7n chay<br>\u0111\u1eadm \u0111\u1eadu n\u00e0nh<br>D\u00f9ng \u0111\u1ec3 \u0103n c\u01a1m d\u00f9ng chung v\u1edbi b\u00e1nh m\u00ec , x\u00f4i ,ch\u00e1o<br>hsd 1 n\u0103m<br>33 tho\u1ea1i ng\u1ecdc h\u1ea7u h\u00f2a th\u1ea1nh t\u00e2n ph\u00fa<br>th\u1ef1c ph\u1ea9m chay Hoa l\u1ea1c<br>0969873871<\/p>\n","protected":false},"excerpt":{"rendered":"<p>th\u00e0nh ph\u1ea7n : gia v\u1ecb thu\u1ea7n chay\u0111\u1eadm \u0111\u1eadu n\u00e0nhD\u00f9ng \u0111\u1ec3 \u0103n c\u01a1m d\u00f9ng chung v\u1edbi b\u00e1nh m\u00ec , x\u00f4i ,ch\u00e1ohsd 1 n\u0103m33 tho\u1ea1i ng\u1ecdc h\u1ea7u h\u00f2a th\u1ea1nh t\u00e2n ph\u00fath\u1ef1c ph\u1ea9m chay Hoa l\u1ea1c0969873871<\/p>\n","protected":false},"featured_media":888,"comment_status":"open","ping_status":"closed","template":"","meta":{"om_disable_all_campaigns":false,"_monsterinsights_skip_tracking":false,"_monsterinsights_sitenote_active":false,"_monsterinsights_sitenote_note":"","_monsterinsights_sitenote_category":0},"product_cat":[26],"product_tag":[],"_links":{"self":[{"href":"https:\/\/thucphamchayhoalacfood.com\/index.php\/wp-json\/wp\/v2\/product\/887"}],"collection":[{"href":"https:\/\/thucphamchayhoalacfood.com\/index.php\/wp-json\/wp\/v2\/product"}],"about":[{"href":"https:\/\/thucphamchayhoalacfood.com\/index.php\/wp-json\/wp\/v2\/types\/product"}],"replies":[{"embeddable":true,"href":"https:\/\/thucphamchayhoalacfood.com\/index.php\/wp-json\/wp\/v2\/comments?post=887"}],"wp:featuredmedia":[{"embeddable":true,"href":"https:\/\/thucphamchayhoalacfood.com\/index.php\/wp-json\/wp\/v2\/media\/888"}],"wp:attachment":[{"href":"https:\/\/thucphamchayhoalacfood.com\/index.php\/wp-json\/wp\/v2\/media?parent=887"}],"wp:term":[{"taxonomy":"product_cat","embeddable":true,"href":"https:\/\/thucphamchayhoalacfood.com\/index.php\/wp-json\/wp\/v2\/product_cat?post=887"},{"taxonomy":"product_tag","embeddable":true,"href":"https:\/\/thucphamchayhoalacfood.com\/index.php\/wp-json\/wp\/v2\/product_tag?post=887"}],"curies":[{"name":"wp","href":"https:\/\/api.w.org\/{rel}","templated":true}]}}