{"id":883,"date":"2023-09-19T08:08:14","date_gmt":"2023-09-19T07:08:14","guid":{"rendered":"https:\/\/thucphamchayhoalacfood.com\/?post_type=product&#038;p=883"},"modified":"2023-09-21T08:23:06","modified_gmt":"2023-09-21T07:23:06","slug":"thit-de-chay-hoa-lac-chan-nam-nho-2","status":"publish","type":"product","link":"https:\/\/thucphamchayhoalacfood.com\/index.php\/product\/thit-de-chay-hoa-lac-chan-nam-nho-2\/","title":{"rendered":"Th\u1ecbt d\u00ea chay Hoa L\u1ea1c ( ch\u00e2n n\u1ea5m nh\u1ecf )"},"content":{"rendered":"\n<p>th\u00e0nh ph\u1ea7n : ch\u00e2n n\u1ea5m gia v\u1ecb thu\u1ea7n chay<br>D\u00f9ng \u0111\u1ec3 x\u00e0o rau c\u1ea3i , th\u1ea3 l\u1eabu , x\u00e0o l\u0103n , kh\u00f4<br>hsd 1 n\u0103m<br>h\u00e0ng \u0111\u00f4ng l\u1ea1nh<br>mua 10 kg tang 1 kg<\/p>\n\n\n\n<p>33 tho\u1ea1i Ng\u1ecdc H\u1ea7u ho\u00e0 th\u1ea1nh t\u00e2n Ph\u00fa<br>Th\u1ef1c ph\u1ea9m chay Hoa L\u1ea1c<br>0969873871<\/p>\n","protected":false},"excerpt":{"rendered":"<p>( ch\u1ec9 giao khu v\u1ef1c TPHCM)<\/p>\n","protected":false},"featured_media":884,"comment_status":"open","ping_status":"closed","template":"","meta":{"om_disable_all_campaigns":false,"_monsterinsights_skip_tracking":false,"_monsterinsights_sitenote_active":false,"_monsterinsights_sitenote_note":"","_monsterinsights_sitenote_category":0},"product_cat":[24],"product_tag":[],"_links":{"self":[{"href":"https:\/\/thucphamchayhoalacfood.com\/index.php\/wp-json\/wp\/v2\/product\/883"}],"collection":[{"href":"https:\/\/thucphamchayhoalacfood.com\/index.php\/wp-json\/wp\/v2\/product"}],"about":[{"href":"https:\/\/thucphamchayhoalacfood.com\/index.php\/wp-json\/wp\/v2\/types\/product"}],"replies":[{"embeddable":true,"href":"https:\/\/thucphamchayhoalacfood.com\/index.php\/wp-json\/wp\/v2\/comments?post=883"}],"wp:featuredmedia":[{"embeddable":true,"href":"https:\/\/thucphamchayhoalacfood.com\/index.php\/wp-json\/wp\/v2\/media\/884"}],"wp:attachment":[{"href":"https:\/\/thucphamchayhoalacfood.com\/index.php\/wp-json\/wp\/v2\/media?parent=883"}],"wp:term":[{"taxonomy":"product_cat","embeddable":true,"href":"https:\/\/thucphamchayhoalacfood.com\/index.php\/wp-json\/wp\/v2\/product_cat?post=883"},{"taxonomy":"product_tag","embeddable":true,"href":"https:\/\/thucphamchayhoalacfood.com\/index.php\/wp-json\/wp\/v2\/product_tag?post=883"}],"curies":[{"name":"wp","href":"https:\/\/api.w.org\/{rel}","templated":true}]}}