{"id":878,"date":"2023-09-19T08:06:04","date_gmt":"2023-09-19T07:06:04","guid":{"rendered":"https:\/\/thucphamchayhoalacfood.com\/?post_type=product&#038;p=878"},"modified":"2025-06-07T11:20:11","modified_gmt":"2025-06-07T10:20:11","slug":"pate-phuong-loan-chay-150gr-hop","status":"publish","type":"product","link":"https:\/\/thucphamchayhoalacfood.com\/index.php\/product\/pate-phuong-loan-chay-150gr-hop\/","title":{"rendered":"Pate Ph\u01b0\u01a1ng Loan Chay 150gr \/h\u1ed9p"},"content":{"rendered":"\n<p>\u0111\u1ea1m \u0111\u1eadu n\u00e0nh gia v\u1ecb thu\u1ea7n chay<br>d\u00f9ng \u0103n b\u00e1nh m\u00ec , c\u01a1m \u0111\u1ec1u ngon<br>ch\u1ec9 c\u1ea7n m\u1edf h\u1ed9p l\u00e0 c\u00f3 th\u1ec3 d\u00f9ng<br>h\u1ed9p 150gr<br>hsd 1 n\u0103m<br>33 tho\u1ea1i ng\u1ecdc h\u1ea7u h\u00f2a th\u1ea1nh t\u00e2n ph\u00fa<br>th\u1ef1c ph\u1ea9m chay Hoa l\u1ea1c<br>0969873871<\/p>\n","protected":false},"excerpt":{"rendered":"<p>\u0111\u1ea1m \u0111\u1eadu n\u00e0nh gia v\u1ecb thu\u1ea7n chayd\u00f9ng \u0103n b\u00e1nh m\u00ec , c\u01a1m \u0111\u1ec1u ngonch\u1ec9 c\u1ea7n m\u1edf h\u1ed9p l\u00e0 c\u00f3 th\u1ec3 d\u00f9ngh\u1ed9p 150grhsd 1 n\u0103m33 tho\u1ea1i ng\u1ecdc h\u1ea7u h\u00f2a th\u1ea1nh t\u00e2n ph\u00fath\u1ef1c ph\u1ea9m chay Hoa l\u1ea1c0969873871<\/p>\n","protected":false},"featured_media":879,"comment_status":"open","ping_status":"closed","template":"","meta":{"om_disable_all_campaigns":false,"_monsterinsights_skip_tracking":false,"_monsterinsights_sitenote_active":false,"_monsterinsights_sitenote_note":"","_monsterinsights_sitenote_category":0},"product_cat":[26],"product_tag":[],"_links":{"self":[{"href":"https:\/\/thucphamchayhoalacfood.com\/index.php\/wp-json\/wp\/v2\/product\/878"}],"collection":[{"href":"https:\/\/thucphamchayhoalacfood.com\/index.php\/wp-json\/wp\/v2\/product"}],"about":[{"href":"https:\/\/thucphamchayhoalacfood.com\/index.php\/wp-json\/wp\/v2\/types\/product"}],"replies":[{"embeddable":true,"href":"https:\/\/thucphamchayhoalacfood.com\/index.php\/wp-json\/wp\/v2\/comments?post=878"}],"wp:featuredmedia":[{"embeddable":true,"href":"https:\/\/thucphamchayhoalacfood.com\/index.php\/wp-json\/wp\/v2\/media\/879"}],"wp:attachment":[{"href":"https:\/\/thucphamchayhoalacfood.com\/index.php\/wp-json\/wp\/v2\/media?parent=878"}],"wp:term":[{"taxonomy":"product_cat","embeddable":true,"href":"https:\/\/thucphamchayhoalacfood.com\/index.php\/wp-json\/wp\/v2\/product_cat?post=878"},{"taxonomy":"product_tag","embeddable":true,"href":"https:\/\/thucphamchayhoalacfood.com\/index.php\/wp-json\/wp\/v2\/product_tag?post=878"}],"curies":[{"name":"wp","href":"https:\/\/api.w.org\/{rel}","templated":true}]}}