{"id":864,"date":"2023-09-19T07:57:50","date_gmt":"2023-09-19T06:57:50","guid":{"rendered":"https:\/\/thucphamchayhoalacfood.com\/?post_type=product&#038;p=864"},"modified":"2024-08-13T10:09:11","modified_gmt":"2024-08-13T09:09:11","slug":"suon-non-2-phuong-loan-100gr-goi","status":"publish","type":"product","link":"https:\/\/thucphamchayhoalacfood.com\/index.php\/product\/suon-non-2-phuong-loan-100gr-goi\/","title":{"rendered":"S\u01b0\u1eddn non 2 ph\u01b0\u01a1ng Loan 100gr \/ g\u00f3i"},"content":{"rendered":"\n<p>Thanh ph\u1ea7n : \u0111\u1eadu nanh<br>c\u00e1ch dung: ng\u00e2m m\u1ec1m v\u1eaft r\u00e1o n\u01b0\u1edbc chi\u00ean gi\u00f2n<br>33 tho\u1ea1i Ng\u1ecdc h\u1ea7u ho\u00e0 th\u00e0nh T\u00e2n phu<br>0969873871<\/p>\n","protected":false},"excerpt":{"rendered":"<p>Thanh ph\u1ea7n : \u0111\u1eadu nanhc\u00e1ch dung: ng\u00e2m m\u1ec1m v\u1eaft r\u00e1o n\u01b0\u1edbc chi\u00ean gi\u00f2n33 tho\u1ea1i Ng\u1ecdc h\u1ea7u ho\u00e0 th\u00e0nh T\u00e2n phu0969873871<\/p>\n","protected":false},"featured_media":865,"comment_status":"open","ping_status":"closed","template":"","meta":{"om_disable_all_campaigns":false,"_monsterinsights_skip_tracking":false,"_monsterinsights_sitenote_active":false,"_monsterinsights_sitenote_note":"","_monsterinsights_sitenote_category":0},"product_cat":[23],"product_tag":[],"_links":{"self":[{"href":"https:\/\/thucphamchayhoalacfood.com\/index.php\/wp-json\/wp\/v2\/product\/864"}],"collection":[{"href":"https:\/\/thucphamchayhoalacfood.com\/index.php\/wp-json\/wp\/v2\/product"}],"about":[{"href":"https:\/\/thucphamchayhoalacfood.com\/index.php\/wp-json\/wp\/v2\/types\/product"}],"replies":[{"embeddable":true,"href":"https:\/\/thucphamchayhoalacfood.com\/index.php\/wp-json\/wp\/v2\/comments?post=864"}],"wp:featuredmedia":[{"embeddable":true,"href":"https:\/\/thucphamchayhoalacfood.com\/index.php\/wp-json\/wp\/v2\/media\/865"}],"wp:attachment":[{"href":"https:\/\/thucphamchayhoalacfood.com\/index.php\/wp-json\/wp\/v2\/media?parent=864"}],"wp:term":[{"taxonomy":"product_cat","embeddable":true,"href":"https:\/\/thucphamchayhoalacfood.com\/index.php\/wp-json\/wp\/v2\/product_cat?post=864"},{"taxonomy":"product_tag","embeddable":true,"href":"https:\/\/thucphamchayhoalacfood.com\/index.php\/wp-json\/wp\/v2\/product_tag?post=864"}],"curies":[{"name":"wp","href":"https:\/\/api.w.org\/{rel}","templated":true}]}}