{"id":86,"date":"2023-09-08T03:52:47","date_gmt":"2023-09-08T02:52:47","guid":{"rendered":"https:\/\/thucphamchayhoalacfood.com\/?post_type=product&#038;p=86"},"modified":"2024-09-05T11:10:36","modified_gmt":"2024-09-05T10:10:36","slug":"nem-chua-vo-buoi-chay","status":"publish","type":"product","link":"https:\/\/thucphamchayhoalacfood.com\/index.php\/product\/nem-chua-vo-buoi-chay\/","title":{"rendered":"Nem chua v\u1ecf b\u01b0\u1edfi chay"},"content":{"rendered":"\n<p>th\u00e0nh ph\u1ea7n: v\u1ecf b\u01b0\u1edfi , gia v\u1ecb chay<br>gi\u00f2n gi\u00f2n , chua chua ng\u1ecdt ng\u1ecdn<br>\u0103n r\u1ea5t ngon \u1ea1<br>ng\u0103n m\u00e1t 10 ng\u00e0y ng\u0103n \u0111\u00f4ng 3 th\u00e1ng<\/p>\n","protected":false},"excerpt":{"rendered":"<p>( ch\u1ec9 giao khu v\u1ef1c TPHCM)<\/p>\n","protected":false},"featured_media":90,"comment_status":"open","ping_status":"closed","template":"","meta":{"om_disable_all_campaigns":false,"_monsterinsights_skip_tracking":false,"_monsterinsights_sitenote_active":false,"_monsterinsights_sitenote_note":"","_monsterinsights_sitenote_category":0},"product_cat":[24],"product_tag":[],"_links":{"self":[{"href":"https:\/\/thucphamchayhoalacfood.com\/index.php\/wp-json\/wp\/v2\/product\/86"}],"collection":[{"href":"https:\/\/thucphamchayhoalacfood.com\/index.php\/wp-json\/wp\/v2\/product"}],"about":[{"href":"https:\/\/thucphamchayhoalacfood.com\/index.php\/wp-json\/wp\/v2\/types\/product"}],"replies":[{"embeddable":true,"href":"https:\/\/thucphamchayhoalacfood.com\/index.php\/wp-json\/wp\/v2\/comments?post=86"}],"wp:featuredmedia":[{"embeddable":true,"href":"https:\/\/thucphamchayhoalacfood.com\/index.php\/wp-json\/wp\/v2\/media\/90"}],"wp:attachment":[{"href":"https:\/\/thucphamchayhoalacfood.com\/index.php\/wp-json\/wp\/v2\/media?parent=86"}],"wp:term":[{"taxonomy":"product_cat","embeddable":true,"href":"https:\/\/thucphamchayhoalacfood.com\/index.php\/wp-json\/wp\/v2\/product_cat?post=86"},{"taxonomy":"product_tag","embeddable":true,"href":"https:\/\/thucphamchayhoalacfood.com\/index.php\/wp-json\/wp\/v2\/product_tag?post=86"}],"curies":[{"name":"wp","href":"https:\/\/api.w.org\/{rel}","templated":true}]}}