{"id":857,"date":"2023-09-19T07:53:54","date_gmt":"2023-09-19T06:53:54","guid":{"rendered":"https:\/\/thucphamchayhoalacfood.com\/?post_type=product&#038;p=857"},"modified":"2025-09-17T10:50:32","modified_gmt":"2025-09-17T09:50:32","slug":"cha-dum-om-chan-nam-chay-500gr","status":"publish","type":"product","link":"https:\/\/thucphamchayhoalacfood.com\/index.php\/product\/cha-dum-om-chan-nam-chay-500gr\/","title":{"rendered":"Ch\u1ea3 \u0111\u00f9m \u00f4m ch\u00e2n n\u1ea5m chay 500gr"},"content":{"rendered":"\n<p>Ch\u1ea3 \u0111\u00f9m chay<br>\u0110\u01b0\u1ee3c l\u00e0m b\u1eb1ng tu h\u1ee7 ki , ch\u00e2n n\u1ea5m<br>C\u00e1ch dung: chi\u00ean gi\u00f2n an li\u1ec1n , h\u1ea5p hoac s\u1ed1t c\u00e0<br>R\u1ea5t th\u01a1m ngon<br>\u0110\u00e3i ti\u1ec7c rat \u0111ep v\u00e0 bat m\u1eaft<br>Lh 0969873871<br>Th\u1ef1c ph\u1ea9m chay Hoa L\u1ea1c<\/p>\n","protected":false},"excerpt":{"rendered":"<p>( ch\u1ec9 giao khu v\u1ef1c Tphcm)<\/p>\n","protected":false},"featured_media":858,"comment_status":"open","ping_status":"closed","template":"","meta":{"om_disable_all_campaigns":false,"_monsterinsights_skip_tracking":false,"_monsterinsights_sitenote_active":false,"_monsterinsights_sitenote_note":"","_monsterinsights_sitenote_category":0},"product_cat":[31],"product_tag":[],"_links":{"self":[{"href":"https:\/\/thucphamchayhoalacfood.com\/index.php\/wp-json\/wp\/v2\/product\/857"}],"collection":[{"href":"https:\/\/thucphamchayhoalacfood.com\/index.php\/wp-json\/wp\/v2\/product"}],"about":[{"href":"https:\/\/thucphamchayhoalacfood.com\/index.php\/wp-json\/wp\/v2\/types\/product"}],"replies":[{"embeddable":true,"href":"https:\/\/thucphamchayhoalacfood.com\/index.php\/wp-json\/wp\/v2\/comments?post=857"}],"wp:featuredmedia":[{"embeddable":true,"href":"https:\/\/thucphamchayhoalacfood.com\/index.php\/wp-json\/wp\/v2\/media\/858"}],"wp:attachment":[{"href":"https:\/\/thucphamchayhoalacfood.com\/index.php\/wp-json\/wp\/v2\/media?parent=857"}],"wp:term":[{"taxonomy":"product_cat","embeddable":true,"href":"https:\/\/thucphamchayhoalacfood.com\/index.php\/wp-json\/wp\/v2\/product_cat?post=857"},{"taxonomy":"product_tag","embeddable":true,"href":"https:\/\/thucphamchayhoalacfood.com\/index.php\/wp-json\/wp\/v2\/product_tag?post=857"}],"curies":[{"name":"wp","href":"https:\/\/api.w.org\/{rel}","templated":true}]}}