{"id":815,"date":"2023-09-19T07:37:30","date_gmt":"2023-09-19T06:37:30","guid":{"rendered":"https:\/\/thucphamchayhoalacfood.com\/?post_type=product&#038;p=815"},"modified":"2024-01-11T17:29:31","modified_gmt":"2024-01-11T17:29:31","slug":"nuoc-mam-chay-tieu-thien-su-500gr","status":"publish","type":"product","link":"https:\/\/thucphamchayhoalacfood.com\/index.php\/product\/nuoc-mam-chay-tieu-thien-su-500gr\/","title":{"rendered":"N\u01b0\u1edbc m\u1eafm chay Ti\u1ec3u Thi\u1ec1n S\u01b0 500gr"},"content":{"rendered":"\n<p>th\u00e0nh ph\u1ea7n : n\u01b0\u1edbc m\u1eafm c\u1ed1t chay mu\u1ed1i \u0111\u01b0\u1eddng nuoc \u0111\u1ea1m \u0111\u1eadu n\u00e0nh<br>D\u00f9ng l\u00e0m n\u01b0\u1edbc ch\u1eafm , n\u1ea5u kho x\u00e0o<\/p>\n\n\n\n<p>33 tho\u1ea1i Ng\u1ecdc h\u1ea7u ho\u00e0 th\u1ea1nh T\u00e2n Ph\u00fa<br>Th\u1ef1c ph\u1ea9m chay Hoa L\u1ea1c<br>0969873871<\/p>\n","protected":false},"excerpt":{"rendered":"<p>th\u00e0nh ph\u1ea7n : n\u01b0\u1edbc m\u1eafm c\u1ed1t chay mu\u1ed1i \u0111\u01b0\u1eddng nuoc \u0111\u1ea1m \u0111\u1eadu n\u00e0nhD\u00f9ng l\u00e0m n\u01b0\u1edbc ch\u1eafm , n\u1ea5u kho x\u00e0o 33 tho\u1ea1i Ng\u1ecdc h\u1ea7u ho\u00e0 th\u1ea1nh T\u00e2n Ph\u00faTh\u1ef1c ph\u1ea9m chay Hoa L\u1ea1c0969873871<\/p>\n","protected":false},"featured_media":816,"comment_status":"open","ping_status":"closed","template":"","meta":{"om_disable_all_campaigns":false,"_monsterinsights_skip_tracking":false,"_monsterinsights_sitenote_active":false,"_monsterinsights_sitenote_note":"","_monsterinsights_sitenote_category":0},"product_cat":[25],"product_tag":[],"_links":{"self":[{"href":"https:\/\/thucphamchayhoalacfood.com\/index.php\/wp-json\/wp\/v2\/product\/815"}],"collection":[{"href":"https:\/\/thucphamchayhoalacfood.com\/index.php\/wp-json\/wp\/v2\/product"}],"about":[{"href":"https:\/\/thucphamchayhoalacfood.com\/index.php\/wp-json\/wp\/v2\/types\/product"}],"replies":[{"embeddable":true,"href":"https:\/\/thucphamchayhoalacfood.com\/index.php\/wp-json\/wp\/v2\/comments?post=815"}],"wp:featuredmedia":[{"embeddable":true,"href":"https:\/\/thucphamchayhoalacfood.com\/index.php\/wp-json\/wp\/v2\/media\/816"}],"wp:attachment":[{"href":"https:\/\/thucphamchayhoalacfood.com\/index.php\/wp-json\/wp\/v2\/media?parent=815"}],"wp:term":[{"taxonomy":"product_cat","embeddable":true,"href":"https:\/\/thucphamchayhoalacfood.com\/index.php\/wp-json\/wp\/v2\/product_cat?post=815"},{"taxonomy":"product_tag","embeddable":true,"href":"https:\/\/thucphamchayhoalacfood.com\/index.php\/wp-json\/wp\/v2\/product_tag?post=815"}],"curies":[{"name":"wp","href":"https:\/\/api.w.org\/{rel}","templated":true}]}}