{"id":81,"date":"2023-09-08T03:48:51","date_gmt":"2023-09-08T02:48:51","guid":{"rendered":"https:\/\/thucphamchayhoalacfood.com\/?post_type=product&#038;p=81"},"modified":"2025-06-17T04:06:23","modified_gmt":"2025-06-17T03:06:23","slug":"bo-vien-chay-la-han-1kg","status":"publish","type":"product","link":"https:\/\/thucphamchayhoalacfood.com\/index.php\/product\/bo-vien-chay-la-han-1kg\/","title":{"rendered":"B\u00f2 vi\u00ean Chay La H\u00e1n 1kg"},"content":{"rendered":"\n<p>th\u00e0nh ph\u1ea7n : n\u01b0\u1edbc b\u1ed9t n\u0103ng , n\u1ea5m h\u01b0\u01a1ng c\u00f4 gia v\u1ecb thu\u1ea7n chay<br>c\u00e1ch d\u00f9ng : th\u1ea3 l\u1eabu<br>x\u00e0o c\u1ea3i chi\u00ean gi\u00f2n v\u1edbi tuong , tr\u1ed9n g\u1ecfi<br>33 tho\u1ea1i Ng\u1ecdc H\u1ea7u ho\u00e0 th\u1ea1nh T\u00e2n Ph\u00fa<br>Th\u1ef1c ph\u1ea9m chay hoa L\u1ea1c<br>0969873871<\/p>\n","protected":false},"excerpt":{"rendered":"<p>th\u00e0nh ph\u1ea7n : n\u01b0\u1edbc b\u1ed9t n\u0103ng , n\u1ea5m h\u01b0\u01a1ng c\u00f4 gia v\u1ecb thu\u1ea7n chayc\u00e1ch d\u00f9ng : th\u1ea3 l\u1eabux\u00e0o c\u1ea3i chi\u00ean gi\u00f2n v\u1edbi tuong , tr\u1ed9n g\u1ecfi33 tho\u1ea1i Ng\u1ecdc H\u1ea7u ho\u00e0 th\u1ea1nh T\u00e2n Ph\u00faTh\u1ef1c ph\u1ea9m chay hoa L\u1ea1c0969873871<\/p>\n","protected":false},"featured_media":82,"comment_status":"open","ping_status":"closed","template":"","meta":{"om_disable_all_campaigns":false,"_monsterinsights_skip_tracking":false,"_monsterinsights_sitenote_active":false,"_monsterinsights_sitenote_note":"","_monsterinsights_sitenote_category":0},"product_cat":[24],"product_tag":[],"_links":{"self":[{"href":"https:\/\/thucphamchayhoalacfood.com\/index.php\/wp-json\/wp\/v2\/product\/81"}],"collection":[{"href":"https:\/\/thucphamchayhoalacfood.com\/index.php\/wp-json\/wp\/v2\/product"}],"about":[{"href":"https:\/\/thucphamchayhoalacfood.com\/index.php\/wp-json\/wp\/v2\/types\/product"}],"replies":[{"embeddable":true,"href":"https:\/\/thucphamchayhoalacfood.com\/index.php\/wp-json\/wp\/v2\/comments?post=81"}],"wp:featuredmedia":[{"embeddable":true,"href":"https:\/\/thucphamchayhoalacfood.com\/index.php\/wp-json\/wp\/v2\/media\/82"}],"wp:attachment":[{"href":"https:\/\/thucphamchayhoalacfood.com\/index.php\/wp-json\/wp\/v2\/media?parent=81"}],"wp:term":[{"taxonomy":"product_cat","embeddable":true,"href":"https:\/\/thucphamchayhoalacfood.com\/index.php\/wp-json\/wp\/v2\/product_cat?post=81"},{"taxonomy":"product_tag","embeddable":true,"href":"https:\/\/thucphamchayhoalacfood.com\/index.php\/wp-json\/wp\/v2\/product_tag?post=81"}],"curies":[{"name":"wp","href":"https:\/\/api.w.org\/{rel}","templated":true}]}}