{"id":788,"date":"2023-09-19T06:19:38","date_gmt":"2023-09-19T05:19:38","guid":{"rendered":"https:\/\/thucphamchayhoalacfood.com\/?post_type=product&#038;p=788"},"modified":"2023-09-19T06:21:19","modified_gmt":"2023-09-19T05:21:19","slug":"vien-sup-chay-cac-loai-bun-bo-hu-tieu-bo-kho-lau-thai-bun-reu-pho","status":"publish","type":"product","link":"https:\/\/thucphamchayhoalacfood.com\/index.php\/product\/vien-sup-chay-cac-loai-bun-bo-hu-tieu-bo-kho-lau-thai-bun-reu-pho\/","title":{"rendered":"Vi\u00ean s\u00fap chay c\u00e1c lo\u1ea1i ( b\u00fan b\u00f2, h\u1ee7 ti\u1ebfu, b\u00f2 kho, l\u1eabu th\u00e1i. b\u00fan r\u00eau, ph\u1edf)"},"content":{"rendered":"\n<p>gia v\u1ecb chay<br>d\u00f9ng \u0111\u1ec3 n\u1ea5u n\u01b0\u1edbc d\u00f9ng<\/p>\n\n\n\n<p>Thuc ph\u1ea9m chay hoa L\u1ea1c<br>33 tho\u1ea1i Ng\u1ecdc h\u1ea7u ho\u00e0 th\u00e0nh T\u00e2n phu<br>0969873871<\/p>\n","protected":false},"excerpt":{"rendered":"<p>gia v\u1ecb chayd\u00f9ng \u0111\u1ec3 n\u1ea5u n\u01b0\u1edbc d\u00f9ng Thuc ph\u1ea9m chay hoa L\u1ea1c33 tho\u1ea1i Ng\u1ecdc h\u1ea7u ho\u00e0 th\u00e0nh T\u00e2n phu0969873871<\/p>\n","protected":false},"featured_media":789,"comment_status":"open","ping_status":"closed","template":"","meta":{"om_disable_all_campaigns":false,"_monsterinsights_skip_tracking":false,"_monsterinsights_sitenote_active":false,"_monsterinsights_sitenote_note":"","_monsterinsights_sitenote_category":0},"product_cat":[25],"product_tag":[],"_links":{"self":[{"href":"https:\/\/thucphamchayhoalacfood.com\/index.php\/wp-json\/wp\/v2\/product\/788"}],"collection":[{"href":"https:\/\/thucphamchayhoalacfood.com\/index.php\/wp-json\/wp\/v2\/product"}],"about":[{"href":"https:\/\/thucphamchayhoalacfood.com\/index.php\/wp-json\/wp\/v2\/types\/product"}],"replies":[{"embeddable":true,"href":"https:\/\/thucphamchayhoalacfood.com\/index.php\/wp-json\/wp\/v2\/comments?post=788"}],"wp:featuredmedia":[{"embeddable":true,"href":"https:\/\/thucphamchayhoalacfood.com\/index.php\/wp-json\/wp\/v2\/media\/789"}],"wp:attachment":[{"href":"https:\/\/thucphamchayhoalacfood.com\/index.php\/wp-json\/wp\/v2\/media?parent=788"}],"wp:term":[{"taxonomy":"product_cat","embeddable":true,"href":"https:\/\/thucphamchayhoalacfood.com\/index.php\/wp-json\/wp\/v2\/product_cat?post=788"},{"taxonomy":"product_tag","embeddable":true,"href":"https:\/\/thucphamchayhoalacfood.com\/index.php\/wp-json\/wp\/v2\/product_tag?post=788"}],"curies":[{"name":"wp","href":"https:\/\/api.w.org\/{rel}","templated":true}]}}