{"id":771,"date":"2023-09-19T05:52:34","date_gmt":"2023-09-19T04:52:34","guid":{"rendered":"https:\/\/thucphamchayhoalacfood.com\/?post_type=product&#038;p=771"},"modified":"2023-09-21T07:46:02","modified_gmt":"2023-09-21T06:46:02","slug":"lau-thai-chay","status":"publish","type":"product","link":"https:\/\/thucphamchayhoalacfood.com\/index.php\/product\/lau-thai-chay\/","title":{"rendered":"L\u1eabu th\u00e1i chay"},"content":{"rendered":"\n<p>th\u00e0nh ph\u1ea7n chay ( ham,\u0111\u1eadu h\u1ee7 Nh\u1eadt, b\u00f3ng c\u00e1 , \u0111u\u1ed7n non ,t\u00f4m , b\u00f2 vi\u00ean,c\u00e1 vi\u00ean, muc , x\u00fac x\u00edch chay v\u00e0 gia v\u1ecb thu\u1ea7n chay , g\u00f3i nuoc l\u1eabu s\u1eb5n v\u1ec1 ch\u1ec9 c\u1ea7n \u0111\u1ed5 2 l\u00edt n\u01b0\u1edbc gia v\u1ecb v\u00e0o l\u00e0 \u0103n th\u00f4i<\/p>\n","protected":false},"excerpt":{"rendered":"<p>( ch\u1ec9 giao khu v\u1ef1c Tphcm)<\/p>\n","protected":false},"featured_media":772,"comment_status":"open","ping_status":"closed","template":"","meta":{"om_disable_all_campaigns":false,"_monsterinsights_skip_tracking":false,"_monsterinsights_sitenote_active":false,"_monsterinsights_sitenote_note":"","_monsterinsights_sitenote_category":0},"product_cat":[24],"product_tag":[],"_links":{"self":[{"href":"https:\/\/thucphamchayhoalacfood.com\/index.php\/wp-json\/wp\/v2\/product\/771"}],"collection":[{"href":"https:\/\/thucphamchayhoalacfood.com\/index.php\/wp-json\/wp\/v2\/product"}],"about":[{"href":"https:\/\/thucphamchayhoalacfood.com\/index.php\/wp-json\/wp\/v2\/types\/product"}],"replies":[{"embeddable":true,"href":"https:\/\/thucphamchayhoalacfood.com\/index.php\/wp-json\/wp\/v2\/comments?post=771"}],"wp:featuredmedia":[{"embeddable":true,"href":"https:\/\/thucphamchayhoalacfood.com\/index.php\/wp-json\/wp\/v2\/media\/772"}],"wp:attachment":[{"href":"https:\/\/thucphamchayhoalacfood.com\/index.php\/wp-json\/wp\/v2\/media?parent=771"}],"wp:term":[{"taxonomy":"product_cat","embeddable":true,"href":"https:\/\/thucphamchayhoalacfood.com\/index.php\/wp-json\/wp\/v2\/product_cat?post=771"},{"taxonomy":"product_tag","embeddable":true,"href":"https:\/\/thucphamchayhoalacfood.com\/index.php\/wp-json\/wp\/v2\/product_tag?post=771"}],"curies":[{"name":"wp","href":"https:\/\/api.w.org\/{rel}","templated":true}]}}