{"id":77,"date":"2023-09-08T03:47:18","date_gmt":"2023-09-08T02:47:18","guid":{"rendered":"https:\/\/thucphamchayhoalacfood.com\/?post_type=product&#038;p=77"},"modified":"2025-07-01T07:11:46","modified_gmt":"2025-07-01T06:11:46","slug":"mi-can-ruot-chay-1kg","status":"publish","type":"product","link":"https:\/\/thucphamchayhoalacfood.com\/index.php\/product\/mi-can-ruot-chay-1kg\/","title":{"rendered":"M\u00ec c\u0103n ru\u1ed9t Chay 1kg"},"content":{"rendered":"\n<p>Th\u00e0nh ph\u1ea7n : l\u00e0m t\u1eeb b\u1ed9t m\u00ec c\u0103n<br>\u0111\u00f9ng : chi\u00ean x\u00e0o l\u00e0m g\u1ecfi , x\u00e0o x\u1ea3 \u1edbt , kho rau c\u1ee7<\/p>\n\n\n\n<p>33 tho\u1ea1i Ng\u1ecdc H\u1ea7u ho\u00e0 th\u1ea1nh t\u00e2n Ph\u00fa<br>Th\u1ef1c ph\u1ea9m chay Hoa L\u1ea1c<br>0969873871<\/p>\n","protected":false},"excerpt":{"rendered":"<p>Th\u00e0nh ph\u1ea7n : l\u00e0m t\u1eeb b\u1ed9t m\u00ec c\u0103n\u0111\u00f9ng : chi\u00ean x\u00e0o l\u00e0m g\u1ecfi , x\u00e0o x\u1ea3 \u1edbt , kho rau c\u1ee7 33 tho\u1ea1i Ng\u1ecdc H\u1ea7u ho\u00e0 th\u1ea1nh t\u00e2n Ph\u00faTh\u1ef1c ph\u1ea9m chay Hoa L\u1ea1c0969873871<\/p>\n","protected":false},"featured_media":78,"comment_status":"open","ping_status":"closed","template":"","meta":{"om_disable_all_campaigns":false,"_monsterinsights_skip_tracking":false,"_monsterinsights_sitenote_active":false,"_monsterinsights_sitenote_note":"","_monsterinsights_sitenote_category":0},"product_cat":[24],"product_tag":[],"_links":{"self":[{"href":"https:\/\/thucphamchayhoalacfood.com\/index.php\/wp-json\/wp\/v2\/product\/77"}],"collection":[{"href":"https:\/\/thucphamchayhoalacfood.com\/index.php\/wp-json\/wp\/v2\/product"}],"about":[{"href":"https:\/\/thucphamchayhoalacfood.com\/index.php\/wp-json\/wp\/v2\/types\/product"}],"replies":[{"embeddable":true,"href":"https:\/\/thucphamchayhoalacfood.com\/index.php\/wp-json\/wp\/v2\/comments?post=77"}],"wp:featuredmedia":[{"embeddable":true,"href":"https:\/\/thucphamchayhoalacfood.com\/index.php\/wp-json\/wp\/v2\/media\/78"}],"wp:attachment":[{"href":"https:\/\/thucphamchayhoalacfood.com\/index.php\/wp-json\/wp\/v2\/media?parent=77"}],"wp:term":[{"taxonomy":"product_cat","embeddable":true,"href":"https:\/\/thucphamchayhoalacfood.com\/index.php\/wp-json\/wp\/v2\/product_cat?post=77"},{"taxonomy":"product_tag","embeddable":true,"href":"https:\/\/thucphamchayhoalacfood.com\/index.php\/wp-json\/wp\/v2\/product_tag?post=77"}],"curies":[{"name":"wp","href":"https:\/\/api.w.org\/{rel}","templated":true}]}}