{"id":76,"date":"2023-09-08T03:46:39","date_gmt":"2023-09-08T02:46:39","guid":{"rendered":"https:\/\/thucphamchayhoalacfood.com\/?post_type=product&#038;p=76"},"modified":"2025-07-18T14:32:22","modified_gmt":"2025-07-18T13:32:22","slug":"dui-ga-sa-chay-500gr","status":"publish","type":"product","link":"https:\/\/thucphamchayhoalacfood.com\/index.php\/product\/dui-ga-sa-chay-500gr\/","title":{"rendered":"\u0110\u00f9i G\u00e0 s\u1ea3 chay t\u1eeb b\u1ed9t m\u00ec 500gr"},"content":{"rendered":"\n<p>\u0110\u00f9i s\u1ea3 chay<br>D\u00f9ng \u0111\u1ec3 chi\u00ean x\u00e0o , x\u00e0o chua ng\u1ecdt kho s\u1ea3 \u1edbt r\u1ea5t ngon<br>li\u00ean h\u00ea: 0969873871<br>Th\u1ef1c ph\u1ea9m chay Hoa L\u1ea1c<br>33 tho\u1ea1i Ng\u1ecdc H\u1ea7u Ho\u00e0 Th\u1ea1nh T\u00e2n Ph\u00fa<\/p>\n","protected":false},"excerpt":{"rendered":"<p>\u0110\u00f9i s\u1ea3 chayD\u00f9ng \u0111\u1ec3 chi\u00ean x\u00e0o , x\u00e0o chua ng\u1ecdt kho s\u1ea3 \u1edbt r\u1ea5t ngonli\u00ean h\u00ea: 0969873871Th\u1ef1c ph\u1ea9m chay Hoa L\u1ea1c33 tho\u1ea1i Ng\u1ecdc H\u1ea7u Ho\u00e0 Th\u1ea1nh T\u00e2n Ph\u00fa<\/p>\n","protected":false},"featured_media":71,"comment_status":"open","ping_status":"closed","template":"","meta":{"om_disable_all_campaigns":false,"_monsterinsights_skip_tracking":false,"_monsterinsights_sitenote_active":false,"_monsterinsights_sitenote_note":"","_monsterinsights_sitenote_category":0},"product_cat":[24],"product_tag":[],"_links":{"self":[{"href":"https:\/\/thucphamchayhoalacfood.com\/index.php\/wp-json\/wp\/v2\/product\/76"}],"collection":[{"href":"https:\/\/thucphamchayhoalacfood.com\/index.php\/wp-json\/wp\/v2\/product"}],"about":[{"href":"https:\/\/thucphamchayhoalacfood.com\/index.php\/wp-json\/wp\/v2\/types\/product"}],"replies":[{"embeddable":true,"href":"https:\/\/thucphamchayhoalacfood.com\/index.php\/wp-json\/wp\/v2\/comments?post=76"}],"wp:featuredmedia":[{"embeddable":true,"href":"https:\/\/thucphamchayhoalacfood.com\/index.php\/wp-json\/wp\/v2\/media\/71"}],"wp:attachment":[{"href":"https:\/\/thucphamchayhoalacfood.com\/index.php\/wp-json\/wp\/v2\/media?parent=76"}],"wp:term":[{"taxonomy":"product_cat","embeddable":true,"href":"https:\/\/thucphamchayhoalacfood.com\/index.php\/wp-json\/wp\/v2\/product_cat?post=76"},{"taxonomy":"product_tag","embeddable":true,"href":"https:\/\/thucphamchayhoalacfood.com\/index.php\/wp-json\/wp\/v2\/product_tag?post=76"}],"curies":[{"name":"wp","href":"https:\/\/api.w.org\/{rel}","templated":true}]}}