{"id":759,"date":"2023-09-19T05:45:47","date_gmt":"2023-09-19T04:45:47","guid":{"rendered":"https:\/\/thucphamchayhoalacfood.com\/?post_type=product&#038;p=759"},"modified":"2025-07-18T14:18:42","modified_gmt":"2025-07-18T13:18:42","slug":"xiu-mai-thuan-chay-200gr-hop-hieu-kim-chi","status":"publish","type":"product","link":"https:\/\/thucphamchayhoalacfood.com\/index.php\/product\/xiu-mai-thuan-chay-200gr-hop-hieu-kim-chi\/","title":{"rendered":"X\u00edu m\u1ea1i thu\u1ea7n chay 200gr \/h\u1ed9p hi\u1ec7u kim chi"},"content":{"rendered":"\n<p>\u0110\u1ea1m \u0111\u1eadu n\u00e0nh gia v\u1ecb thu\u1ea7n chay<br>m\u1edf n\u1eafp h\u00e2m n\u00f3ng l\u00e0 c\u00f3 th\u1ec3 d\u00f9ng \u0111\u01b0\u1ee3c<br>c\u00f3 th\u1ec3 mang \u0111i xa du l\u1ecbch<br>hsd 1 n\u0103m<br>33 tho\u1ea1i ng\u1ecdc h\u1ea7u h\u00f2a th\u1ea1nh t\u00e2n ph\u00fa<br>th\u1ef1c ph\u1ea9m chay Hoa l\u1ea1c<br>0969873871<\/p>\n","protected":false},"excerpt":{"rendered":"<p>\u0110\u1ea1m \u0111\u1eadu n\u00e0nh gia v\u1ecb thu\u1ea7n chaym\u1edf n\u1eafp h\u00e2m n\u00f3ng l\u00e0 c\u00f3 th\u1ec3 d\u00f9ng \u0111\u01b0\u1ee3cc\u00f3 th\u1ec3 mang \u0111i xa du l\u1ecbchhsd 1 n\u0103m33 tho\u1ea1i ng\u1ecdc h\u1ea7u h\u00f2a th\u1ea1nh t\u00e2n ph\u00fath\u1ef1c ph\u1ea9m chay Hoa l\u1ea1c0969873871<\/p>\n","protected":false},"featured_media":761,"comment_status":"open","ping_status":"closed","template":"","meta":{"om_disable_all_campaigns":false,"_monsterinsights_skip_tracking":false,"_monsterinsights_sitenote_active":false,"_monsterinsights_sitenote_note":"","_monsterinsights_sitenote_category":0},"product_cat":[26],"product_tag":[],"_links":{"self":[{"href":"https:\/\/thucphamchayhoalacfood.com\/index.php\/wp-json\/wp\/v2\/product\/759"}],"collection":[{"href":"https:\/\/thucphamchayhoalacfood.com\/index.php\/wp-json\/wp\/v2\/product"}],"about":[{"href":"https:\/\/thucphamchayhoalacfood.com\/index.php\/wp-json\/wp\/v2\/types\/product"}],"replies":[{"embeddable":true,"href":"https:\/\/thucphamchayhoalacfood.com\/index.php\/wp-json\/wp\/v2\/comments?post=759"}],"wp:featuredmedia":[{"embeddable":true,"href":"https:\/\/thucphamchayhoalacfood.com\/index.php\/wp-json\/wp\/v2\/media\/761"}],"wp:attachment":[{"href":"https:\/\/thucphamchayhoalacfood.com\/index.php\/wp-json\/wp\/v2\/media?parent=759"}],"wp:term":[{"taxonomy":"product_cat","embeddable":true,"href":"https:\/\/thucphamchayhoalacfood.com\/index.php\/wp-json\/wp\/v2\/product_cat?post=759"},{"taxonomy":"product_tag","embeddable":true,"href":"https:\/\/thucphamchayhoalacfood.com\/index.php\/wp-json\/wp\/v2\/product_tag?post=759"}],"curies":[{"name":"wp","href":"https:\/\/api.w.org\/{rel}","templated":true}]}}