{"id":753,"date":"2023-09-19T05:42:28","date_gmt":"2023-09-19T04:42:28","guid":{"rendered":"https:\/\/thucphamchayhoalacfood.com\/?post_type=product&#038;p=753"},"modified":"2023-09-20T18:20:30","modified_gmt":"2023-09-20T17:20:30","slug":"chao-dau-nanh-vinh-phong-450gr-hu","status":"publish","type":"product","link":"https:\/\/thucphamchayhoalacfood.com\/index.php\/product\/chao-dau-nanh-vinh-phong-450gr-hu\/","title":{"rendered":"Chao \u0111\u1eadu n\u00e0nh V\u0129nh Phong 450gr h\u1ee7"},"content":{"rendered":"\n<p>th\u00e0nh ph\u00e2n; \u0111\u00e2u n\u00e0nh l\u00ean men gia v\u1ecb thu\u1ea7n chay<br>\u0103n li\u1ec1n kh\u00f4ng c\u1ea7n ph\u1ea3i th\u00eam gia v\u1ecb<br>d\u00f9ng \u0111\u1ec3 ch\u1ea5m rau \u0103n c\u01a1m<br>33 tho\u1ea1i Ng\u1ecdc h\u1ea7u ho\u00e0 th\u00e0nh T\u00e2n phu<br>0969873871<\/p>\n","protected":false},"excerpt":{"rendered":"<p>th\u00e0nh ph\u00e2n; \u0111\u00e2u n\u00e0nh l\u00ean men gia v\u1ecb thu\u1ea7n chay\u0103n li\u1ec1n kh\u00f4ng c\u1ea7n ph\u1ea3i th\u00eam gia v\u1ecbd\u00f9ng \u0111\u1ec3 ch\u1ea5m rau \u0103n c\u01a1m33 tho\u1ea1i Ng\u1ecdc h\u1ea7u ho\u00e0 th\u00e0nh T\u00e2n phu0969873871<\/p>\n","protected":false},"featured_media":755,"comment_status":"open","ping_status":"closed","template":"","meta":{"om_disable_all_campaigns":false,"_monsterinsights_skip_tracking":false,"_monsterinsights_sitenote_active":false,"_monsterinsights_sitenote_note":"","_monsterinsights_sitenote_category":0},"product_cat":[25],"product_tag":[],"_links":{"self":[{"href":"https:\/\/thucphamchayhoalacfood.com\/index.php\/wp-json\/wp\/v2\/product\/753"}],"collection":[{"href":"https:\/\/thucphamchayhoalacfood.com\/index.php\/wp-json\/wp\/v2\/product"}],"about":[{"href":"https:\/\/thucphamchayhoalacfood.com\/index.php\/wp-json\/wp\/v2\/types\/product"}],"replies":[{"embeddable":true,"href":"https:\/\/thucphamchayhoalacfood.com\/index.php\/wp-json\/wp\/v2\/comments?post=753"}],"wp:featuredmedia":[{"embeddable":true,"href":"https:\/\/thucphamchayhoalacfood.com\/index.php\/wp-json\/wp\/v2\/media\/755"}],"wp:attachment":[{"href":"https:\/\/thucphamchayhoalacfood.com\/index.php\/wp-json\/wp\/v2\/media?parent=753"}],"wp:term":[{"taxonomy":"product_cat","embeddable":true,"href":"https:\/\/thucphamchayhoalacfood.com\/index.php\/wp-json\/wp\/v2\/product_cat?post=753"},{"taxonomy":"product_tag","embeddable":true,"href":"https:\/\/thucphamchayhoalacfood.com\/index.php\/wp-json\/wp\/v2\/product_tag?post=753"}],"curies":[{"name":"wp","href":"https:\/\/api.w.org\/{rel}","templated":true}]}}