{"id":749,"date":"2023-09-19T04:42:23","date_gmt":"2023-09-19T03:42:23","guid":{"rendered":"https:\/\/thucphamchayhoalacfood.com\/?post_type=product&#038;p=749"},"modified":"2023-09-21T08:44:27","modified_gmt":"2023-09-21T07:44:27","slug":"mi-lau-thai-vifon-thuan-chay-thung-24-ly","status":"publish","type":"product","link":"https:\/\/thucphamchayhoalacfood.com\/index.php\/product\/mi-lau-thai-vifon-thuan-chay-thung-24-ly\/","title":{"rendered":"M\u00ec l\u1ea9u th\u00e1i vifon thu\u1ea7n chay th\u00f9ng 24 ly"},"content":{"rendered":"\n<p>m\u00ec ngon<br>topping nh\u00ecu<br>v\u1ecb chua cay<br>c\u1ea3 nh\u00e0 n\u00ean th\u1eed nha<br>d\u1ea1ng ly n\u00ean c\u00f3 th\u1ec3 mang \u0111i xa , v\u0103n ph\u00f2ng r\u1ea5t ti\u1ec7n<br>33 tho\u1ea1i ng\u1ecdc h\u1ea7u h\u00f2a th\u1ea1nh t\u00e2n ph\u00fa<br>th\u1ef1c ph\u1ea9m chay Hoa l\u1ea1c<br>0969873871<\/p>\n","protected":false},"excerpt":{"rendered":"<p>m\u00ec ngontopping nh\u00ecuv\u1ecb chua cayc\u1ea3 nh\u00e0 n\u00ean th\u1eed nhad\u1ea1ng ly n\u00ean c\u00f3 th\u1ec3 mang \u0111i xa , v\u0103n ph\u00f2ng r\u1ea5t ti\u1ec7n33 tho\u1ea1i ng\u1ecdc h\u1ea7u h\u00f2a th\u1ea1nh t\u00e2n ph\u00fath\u1ef1c ph\u1ea9m chay Hoa l\u1ea1c0969873871<\/p>\n","protected":false},"featured_media":750,"comment_status":"open","ping_status":"closed","template":"","meta":{"om_disable_all_campaigns":false,"_monsterinsights_skip_tracking":false,"_monsterinsights_sitenote_active":false,"_monsterinsights_sitenote_note":"","_monsterinsights_sitenote_category":0},"product_cat":[28],"product_tag":[],"_links":{"self":[{"href":"https:\/\/thucphamchayhoalacfood.com\/index.php\/wp-json\/wp\/v2\/product\/749"}],"collection":[{"href":"https:\/\/thucphamchayhoalacfood.com\/index.php\/wp-json\/wp\/v2\/product"}],"about":[{"href":"https:\/\/thucphamchayhoalacfood.com\/index.php\/wp-json\/wp\/v2\/types\/product"}],"replies":[{"embeddable":true,"href":"https:\/\/thucphamchayhoalacfood.com\/index.php\/wp-json\/wp\/v2\/comments?post=749"}],"wp:featuredmedia":[{"embeddable":true,"href":"https:\/\/thucphamchayhoalacfood.com\/index.php\/wp-json\/wp\/v2\/media\/750"}],"wp:attachment":[{"href":"https:\/\/thucphamchayhoalacfood.com\/index.php\/wp-json\/wp\/v2\/media?parent=749"}],"wp:term":[{"taxonomy":"product_cat","embeddable":true,"href":"https:\/\/thucphamchayhoalacfood.com\/index.php\/wp-json\/wp\/v2\/product_cat?post=749"},{"taxonomy":"product_tag","embeddable":true,"href":"https:\/\/thucphamchayhoalacfood.com\/index.php\/wp-json\/wp\/v2\/product_tag?post=749"}],"curies":[{"name":"wp","href":"https:\/\/api.w.org\/{rel}","templated":true}]}}