{"id":745,"date":"2023-09-19T04:39:49","date_gmt":"2023-09-19T03:39:49","guid":{"rendered":"https:\/\/thucphamchayhoalacfood.com\/?post_type=product&#038;p=745"},"modified":"2025-06-07T11:05:51","modified_gmt":"2025-06-07T10:05:51","slug":"sot-uop-xa-xiu-chay-lee-kum-kee-hu-200gr","status":"publish","type":"product","link":"https:\/\/thucphamchayhoalacfood.com\/index.php\/product\/sot-uop-xa-xiu-chay-lee-kum-kee-hu-200gr\/","title":{"rendered":"S\u1ed1t \u01b0\u1edbp x\u00e1 x\u00edu chay lee kum kee h\u1ee7 200gr"},"content":{"rendered":"\n<p>th\u00e0nh ph\u1ea7n:<br>l\u00e0 m\u1ed9t s\u1ed1t m\u00f3n \u0111\u1eadm \u0111\u00e0 v\u1edbi m\u1eadt \u00f4ng v\u00e0 \u0111\u1eadu t\u01b0\u01a1ng gi\u00e0nh cho c\u00e1c m\u00f3n n\u01b0\u1edbng<br>th\u00e0nh ph\u1ea7n :gia v\u1ecb thu\u1ea7n chay<br>Th\u1ef1c ph\u1ea9m chay hoa L\u1ea1c<br>33 tho\u1ea1i Ng\u1ecdc h\u1ea7u ho\u00e0 th\u1ea1nh T\u00e2n ph\u00fa<\/p>\n","protected":false},"excerpt":{"rendered":"<p>th\u00e0nh ph\u1ea7n:l\u00e0 m\u1ed9t s\u1ed1t m\u00f3n \u0111\u1eadm \u0111\u00e0 v\u1edbi m\u1eadt \u00f4ng v\u00e0 \u0111\u1eadu t\u01b0\u01a1ng gi\u00e0nh cho c\u00e1c m\u00f3n n\u01b0\u1edbngth\u00e0nh ph\u1ea7n :gia v\u1ecb thu\u1ea7n chayTh\u1ef1c ph\u1ea9m chay hoa L\u1ea1c33 tho\u1ea1i Ng\u1ecdc h\u1ea7u ho\u00e0 th\u1ea1nh T\u00e2n ph\u00fa<\/p>\n","protected":false},"featured_media":746,"comment_status":"open","ping_status":"closed","template":"","meta":{"om_disable_all_campaigns":false,"_monsterinsights_skip_tracking":false,"_monsterinsights_sitenote_active":false,"_monsterinsights_sitenote_note":"","_monsterinsights_sitenote_category":0},"product_cat":[25],"product_tag":[],"_links":{"self":[{"href":"https:\/\/thucphamchayhoalacfood.com\/index.php\/wp-json\/wp\/v2\/product\/745"}],"collection":[{"href":"https:\/\/thucphamchayhoalacfood.com\/index.php\/wp-json\/wp\/v2\/product"}],"about":[{"href":"https:\/\/thucphamchayhoalacfood.com\/index.php\/wp-json\/wp\/v2\/types\/product"}],"replies":[{"embeddable":true,"href":"https:\/\/thucphamchayhoalacfood.com\/index.php\/wp-json\/wp\/v2\/comments?post=745"}],"wp:featuredmedia":[{"embeddable":true,"href":"https:\/\/thucphamchayhoalacfood.com\/index.php\/wp-json\/wp\/v2\/media\/746"}],"wp:attachment":[{"href":"https:\/\/thucphamchayhoalacfood.com\/index.php\/wp-json\/wp\/v2\/media?parent=745"}],"wp:term":[{"taxonomy":"product_cat","embeddable":true,"href":"https:\/\/thucphamchayhoalacfood.com\/index.php\/wp-json\/wp\/v2\/product_cat?post=745"},{"taxonomy":"product_tag","embeddable":true,"href":"https:\/\/thucphamchayhoalacfood.com\/index.php\/wp-json\/wp\/v2\/product_tag?post=745"}],"curies":[{"name":"wp","href":"https:\/\/api.w.org\/{rel}","templated":true}]}}