{"id":743,"date":"2023-09-19T04:38:10","date_gmt":"2023-09-19T03:38:10","guid":{"rendered":"https:\/\/thucphamchayhoalacfood.com\/?post_type=product&#038;p=743"},"modified":"2025-07-18T14:45:43","modified_gmt":"2025-07-18T13:45:43","slug":"thit-vit-kho-gung-chay-au-lac-150gr","status":"publish","type":"product","link":"https:\/\/thucphamchayhoalacfood.com\/index.php\/product\/thit-vit-kho-gung-chay-au-lac-150gr\/","title":{"rendered":"Th\u1ecbt v\u1ecbt kho g\u1eebng chay \u00c2u L\u1ea1c 150gr"},"content":{"rendered":"\n<p>\u0111\u1ea1m \u0111\u1eadu n\u00e0nh gia v\u1ecb thu\u1ea7n chay<br>m\u1edf n\u1eafm c\u00f3 th\u1ec3 l\u00e0m n\u00f3ng hoac \u0103n li\u1ec1n \u0111\u1ec1u \u0111\u01b0\u1ee3c<br>Th\u1ef1c ph\u1ea9m \u0111\u00f3ng h\u1ed9p<br>Ti\u1ec7n l\u1ee3i<br>hsd 1 n\u0103m<\/p>\n","protected":false},"excerpt":{"rendered":"<p>\u0111\u1ea1m \u0111\u1eadu n\u00e0nh gia v\u1ecb thu\u1ea7n chaym\u1edf n\u1eafm c\u00f3 th\u1ec3 l\u00e0m n\u00f3ng hoac \u0103n li\u1ec1n \u0111\u1ec1u \u0111\u01b0\u1ee3cTh\u1ef1c ph\u1ea9m \u0111\u00f3ng h\u1ed9pTi\u1ec7n l\u1ee3ihsd 1 n\u0103m<\/p>\n","protected":false},"featured_media":744,"comment_status":"open","ping_status":"closed","template":"","meta":{"om_disable_all_campaigns":false,"_monsterinsights_skip_tracking":false,"_monsterinsights_sitenote_active":false,"_monsterinsights_sitenote_note":"","_monsterinsights_sitenote_category":0},"product_cat":[26],"product_tag":[],"_links":{"self":[{"href":"https:\/\/thucphamchayhoalacfood.com\/index.php\/wp-json\/wp\/v2\/product\/743"}],"collection":[{"href":"https:\/\/thucphamchayhoalacfood.com\/index.php\/wp-json\/wp\/v2\/product"}],"about":[{"href":"https:\/\/thucphamchayhoalacfood.com\/index.php\/wp-json\/wp\/v2\/types\/product"}],"replies":[{"embeddable":true,"href":"https:\/\/thucphamchayhoalacfood.com\/index.php\/wp-json\/wp\/v2\/comments?post=743"}],"wp:featuredmedia":[{"embeddable":true,"href":"https:\/\/thucphamchayhoalacfood.com\/index.php\/wp-json\/wp\/v2\/media\/744"}],"wp:attachment":[{"href":"https:\/\/thucphamchayhoalacfood.com\/index.php\/wp-json\/wp\/v2\/media?parent=743"}],"wp:term":[{"taxonomy":"product_cat","embeddable":true,"href":"https:\/\/thucphamchayhoalacfood.com\/index.php\/wp-json\/wp\/v2\/product_cat?post=743"},{"taxonomy":"product_tag","embeddable":true,"href":"https:\/\/thucphamchayhoalacfood.com\/index.php\/wp-json\/wp\/v2\/product_tag?post=743"}],"curies":[{"name":"wp","href":"https:\/\/api.w.org\/{rel}","templated":true}]}}