{"id":739,"date":"2023-09-19T04:36:10","date_gmt":"2023-09-19T03:36:10","guid":{"rendered":"https:\/\/thucphamchayhoalacfood.com\/?post_type=product&#038;p=739"},"modified":"2025-07-18T14:44:20","modified_gmt":"2025-07-18T13:44:20","slug":"tao-xoan-chile-500gr-goi-hang-kho","status":"publish","type":"product","link":"https:\/\/thucphamchayhoalacfood.com\/index.php\/product\/tao-xoan-chile-500gr-goi-hang-kho\/","title":{"rendered":"T\u1ea3o xo\u1eafn Chile 500gr \/g\u00f3i h\u00e0ng kh\u00f4"},"content":{"rendered":"\n<p>D\u00f9ng \u0111\u1ec3 x\u00e0o s\u1ea3 \u1edbt , th\u1ea3 l\u1eaby, x\u00e0o chua ng\u1ecdt<br>t\u1ecfa xo\u1eafn r\u1ea5t nhi\u1ec1u dinh d\u01b0\u1ee1ng t\u1ed1t cho tim m\u1ea1ch<br>c\u1ea3 nh\u00e0 \u0103n chay n\u00ean d\u00f9ng \u0111\u1ec3 b\u1ed7 sung ch\u1ea5t dinh d\u01b0\u1ee1ng<br>33 tho\u1ea1i Ng\u1ecdc H\u1ea7u ho\u00e0 th\u1ea1nh t\u00e2n Ph\u00fa<br>Th\u1ef1c ph\u1ea9m chay Hoa L\u1ea1c<br>0969873871<\/p>\n","protected":false},"excerpt":{"rendered":"<p>D\u00f9ng \u0111\u1ec3 x\u00e0o s\u1ea3 \u1edbt , th\u1ea3 l\u1eaby, x\u00e0o chua ng\u1ecdtt\u1ecfa xo\u1eafn r\u1ea5t nhi\u1ec1u dinh d\u01b0\u1ee1ng t\u1ed1t cho tim m\u1ea1chc\u1ea3 nh\u00e0 \u0103n chay n\u00ean d\u00f9ng \u0111\u1ec3 b\u1ed7 sung ch\u1ea5t dinh d\u01b0\u1ee1ng33 tho\u1ea1i Ng\u1ecdc H\u1ea7u ho\u00e0 th\u1ea1nh t\u00e2n Ph\u00faTh\u1ef1c ph\u1ea9m chay Hoa L\u1ea1c0969873871<\/p>\n","protected":false},"featured_media":742,"comment_status":"open","ping_status":"closed","template":"","meta":{"om_disable_all_campaigns":false,"_monsterinsights_skip_tracking":false,"_monsterinsights_sitenote_active":false,"_monsterinsights_sitenote_note":"","_monsterinsights_sitenote_category":0},"product_cat":[23],"product_tag":[],"_links":{"self":[{"href":"https:\/\/thucphamchayhoalacfood.com\/index.php\/wp-json\/wp\/v2\/product\/739"}],"collection":[{"href":"https:\/\/thucphamchayhoalacfood.com\/index.php\/wp-json\/wp\/v2\/product"}],"about":[{"href":"https:\/\/thucphamchayhoalacfood.com\/index.php\/wp-json\/wp\/v2\/types\/product"}],"replies":[{"embeddable":true,"href":"https:\/\/thucphamchayhoalacfood.com\/index.php\/wp-json\/wp\/v2\/comments?post=739"}],"wp:featuredmedia":[{"embeddable":true,"href":"https:\/\/thucphamchayhoalacfood.com\/index.php\/wp-json\/wp\/v2\/media\/742"}],"wp:attachment":[{"href":"https:\/\/thucphamchayhoalacfood.com\/index.php\/wp-json\/wp\/v2\/media?parent=739"}],"wp:term":[{"taxonomy":"product_cat","embeddable":true,"href":"https:\/\/thucphamchayhoalacfood.com\/index.php\/wp-json\/wp\/v2\/product_cat?post=739"},{"taxonomy":"product_tag","embeddable":true,"href":"https:\/\/thucphamchayhoalacfood.com\/index.php\/wp-json\/wp\/v2\/product_tag?post=739"}],"curies":[{"name":"wp","href":"https:\/\/api.w.org\/{rel}","templated":true}]}}