{"id":728,"date":"2023-09-19T04:22:42","date_gmt":"2023-09-19T03:22:42","guid":{"rendered":"https:\/\/thucphamchayhoalacfood.com\/?post_type=product&#038;p=728"},"modified":"2025-01-07T15:55:56","modified_gmt":"2025-01-07T15:55:56","slug":"bot-nem-ga-thuan-chay-phuong-loan-500gr","status":"publish","type":"product","link":"https:\/\/thucphamchayhoalacfood.com\/index.php\/product\/bot-nem-ga-thuan-chay-phuong-loan-500gr\/","title":{"rendered":"B\u1ed9t n\u00eam G\u00e0 thu\u1ea7n chay Ph\u01b0\u01a1ng Loan 500gr"},"content":{"rendered":"\n<p>Th\u00e0nh ph\u1ea7n : h\u01b0\u01a1ng Li\u00eau tinh ch\u1ebf t\u1eeb th\u1ef1c v\u1eadt b\u1ed9t tuong dau<br>d\u00f9ng chi\u00ean x\u00e0o kho<br>33 tho\u1ea1i Ng\u1ecdc h\u1ea7u ho\u00e0 th\u00e0nh T\u00e2n phu<br>Th\u1ef1c ph\u1ea9m chay Hoa L\u1ea1c<br>0969873871<\/p>\n","protected":false},"excerpt":{"rendered":"<p>Th\u00e0nh ph\u1ea7n : h\u01b0\u01a1ng Li\u00eau tinh ch\u1ebf t\u1eeb th\u1ef1c v\u1eadt b\u1ed9t tuong daud\u00f9ng chi\u00ean x\u00e0o kho33 tho\u1ea1i Ng\u1ecdc h\u1ea7u ho\u00e0 th\u00e0nh T\u00e2n phuTh\u1ef1c ph\u1ea9m chay Hoa L\u1ea1c0969873871<\/p>\n","protected":false},"featured_media":729,"comment_status":"open","ping_status":"closed","template":"","meta":{"om_disable_all_campaigns":false,"_monsterinsights_skip_tracking":false,"_monsterinsights_sitenote_active":false,"_monsterinsights_sitenote_note":"","_monsterinsights_sitenote_category":0},"product_cat":[25],"product_tag":[],"_links":{"self":[{"href":"https:\/\/thucphamchayhoalacfood.com\/index.php\/wp-json\/wp\/v2\/product\/728"}],"collection":[{"href":"https:\/\/thucphamchayhoalacfood.com\/index.php\/wp-json\/wp\/v2\/product"}],"about":[{"href":"https:\/\/thucphamchayhoalacfood.com\/index.php\/wp-json\/wp\/v2\/types\/product"}],"replies":[{"embeddable":true,"href":"https:\/\/thucphamchayhoalacfood.com\/index.php\/wp-json\/wp\/v2\/comments?post=728"}],"wp:featuredmedia":[{"embeddable":true,"href":"https:\/\/thucphamchayhoalacfood.com\/index.php\/wp-json\/wp\/v2\/media\/729"}],"wp:attachment":[{"href":"https:\/\/thucphamchayhoalacfood.com\/index.php\/wp-json\/wp\/v2\/media?parent=728"}],"wp:term":[{"taxonomy":"product_cat","embeddable":true,"href":"https:\/\/thucphamchayhoalacfood.com\/index.php\/wp-json\/wp\/v2\/product_cat?post=728"},{"taxonomy":"product_tag","embeddable":true,"href":"https:\/\/thucphamchayhoalacfood.com\/index.php\/wp-json\/wp\/v2\/product_tag?post=728"}],"curies":[{"name":"wp","href":"https:\/\/api.w.org\/{rel}","templated":true}]}}