{"id":727,"date":"2023-09-19T04:19:08","date_gmt":"2023-09-19T03:19:08","guid":{"rendered":"https:\/\/thucphamchayhoalacfood.com\/?post_type=product&#038;p=727"},"modified":"2025-07-01T07:18:50","modified_gmt":"2025-07-01T06:18:50","slug":"nuoc-tuong-dong-trung-ha-thao-tams-160ml","status":"publish","type":"product","link":"https:\/\/thucphamchayhoalacfood.com\/index.php\/product\/nuoc-tuong-dong-trung-ha-thao-tams-160ml\/","title":{"rendered":"N\u01b0\u1edbc t\u01b0\u01a1ng \u0111\u00f4ng tr\u00f9ng h\u1ea1 th\u1ea3o tam\u2019s 160ml"},"content":{"rendered":"\n<p>th\u00e0nh ph\u1ea7n : n\u01b0\u1edbc , duong chi\u1ebft xu\u1ea5t \u0111\u1eadu nanh l\u00ean men , \u0111\u00f4ng tr\u00f9ng H\u1ea1 th\u1ea3o\u2026<br>d\u00f9ng \u0111\u1ec3 ch\u1ea5m tr\u1ef1c ti\u1ebfp , l\u00e0m n\u01b0\u1edbc c\u1ed1t , gia v\u1ecb t\u1ea9m \u01b0\u1edbp c\u00e1c m\u00f3n chi\u00ean x\u00e0o kho<br>33 tho\u1ea1i Ng\u1ecdc h\u1ea7u hoac th\u1ea1nh k T\u00e2n Ph\u00fa<br>Th\u1ef1c ph\u1ea9m chay hoa L\u1ea1c<br>096987387<\/p>\n","protected":false},"excerpt":{"rendered":"<p>th\u00e0nh ph\u1ea7n : n\u01b0\u1edbc , duong chi\u1ebft xu\u1ea5t \u0111\u1eadu nanh l\u00ean men , \u0111\u00f4ng tr\u00f9ng H\u1ea1 th\u1ea3o\u2026d\u00f9ng \u0111\u1ec3 ch\u1ea5m tr\u1ef1c ti\u1ebfp , l\u00e0m n\u01b0\u1edbc c\u1ed1t , gia v\u1ecb t\u1ea9m \u01b0\u1edbp c\u00e1c m\u00f3n chi\u00ean x\u00e0o kho33 tho\u1ea1i Ng\u1ecdc h\u1ea7u hoac th\u1ea1nh k T\u00e2n Ph\u00faTh\u1ef1c ph\u1ea9m chay hoa L\u1ea1c096987387<\/p>\n","protected":false},"featured_media":726,"comment_status":"open","ping_status":"closed","template":"","meta":{"om_disable_all_campaigns":false,"_monsterinsights_skip_tracking":false,"_monsterinsights_sitenote_active":false,"_monsterinsights_sitenote_note":"","_monsterinsights_sitenote_category":0},"product_cat":[25],"product_tag":[],"_links":{"self":[{"href":"https:\/\/thucphamchayhoalacfood.com\/index.php\/wp-json\/wp\/v2\/product\/727"}],"collection":[{"href":"https:\/\/thucphamchayhoalacfood.com\/index.php\/wp-json\/wp\/v2\/product"}],"about":[{"href":"https:\/\/thucphamchayhoalacfood.com\/index.php\/wp-json\/wp\/v2\/types\/product"}],"replies":[{"embeddable":true,"href":"https:\/\/thucphamchayhoalacfood.com\/index.php\/wp-json\/wp\/v2\/comments?post=727"}],"wp:featuredmedia":[{"embeddable":true,"href":"https:\/\/thucphamchayhoalacfood.com\/index.php\/wp-json\/wp\/v2\/media\/726"}],"wp:attachment":[{"href":"https:\/\/thucphamchayhoalacfood.com\/index.php\/wp-json\/wp\/v2\/media?parent=727"}],"wp:term":[{"taxonomy":"product_cat","embeddable":true,"href":"https:\/\/thucphamchayhoalacfood.com\/index.php\/wp-json\/wp\/v2\/product_cat?post=727"},{"taxonomy":"product_tag","embeddable":true,"href":"https:\/\/thucphamchayhoalacfood.com\/index.php\/wp-json\/wp\/v2\/product_tag?post=727"}],"curies":[{"name":"wp","href":"https:\/\/api.w.org\/{rel}","templated":true}]}}