{"id":723,"date":"2023-09-19T04:14:55","date_gmt":"2023-09-19T03:14:55","guid":{"rendered":"https:\/\/thucphamchayhoalacfood.com\/?post_type=product&#038;p=723"},"modified":"2023-09-20T18:18:02","modified_gmt":"2023-09-20T17:18:02","slug":"combo-8-mon-an-vat-thuan-chay-hoa-lac","status":"publish","type":"product","link":"https:\/\/thucphamchayhoalacfood.com\/index.php\/product\/combo-8-mon-an-vat-thuan-chay-hoa-lac\/","title":{"rendered":"Combo 8 m\u00f3n \u0103n v\u1eb7t thu\u1ea7n chay Hoa L\u1ea1c"},"content":{"rendered":"\n<p>g\u1ed3m thanh g\u1ea1o l\u1ee9c dinh d\u01b0\u1ee1ng, kh\u00f4 c\u00e1 m\u00e8 chay, t\u00f3p m\u1edf chay , kh\u00f4 b\u00f2 chay , c\u01a1m ch\u00e1y l\u00e1 chanh ,kh\u00f4 c\u00e1 tra ph\u1ed3ng chay, kh\u00f4 g\u00e0 l\u00e1 tr\u00fac chay , ch\u00e0 b\u00f4ng chay )<br>33 thoai ng\u1ecdc h\u1ea7u h\u00f2a th\u1ea1nh t\u00e2n ph\u00fa<br>0969873871<br>Th\u1ef1c ph\u1ea9m chay hoa l\u1ea1c<\/p>\n","protected":false},"excerpt":{"rendered":"<p>g\u1ed3m thanh g\u1ea1o l\u1ee9c dinh d\u01b0\u1ee1ng, kh\u00f4 c\u00e1 m\u00e8 chay, t\u00f3p m\u1edf chay , kh\u00f4 b\u00f2 chay , c\u01a1m ch\u00e1y l\u00e1 chanh ,kh\u00f4 c\u00e1 tra ph\u1ed3ng chay, kh\u00f4 g\u00e0 l\u00e1 tr\u00fac chay , ch\u00e0 b\u00f4ng chay )33 thoai ng\u1ecdc h\u1ea7u h\u00f2a th\u1ea1nh t\u00e2n ph\u00fa0969873871Th\u1ef1c ph\u1ea9m chay hoa l\u1ea1c<\/p>\n","protected":false},"featured_media":724,"comment_status":"open","ping_status":"closed","template":"","meta":{"om_disable_all_campaigns":false,"_monsterinsights_skip_tracking":false,"_monsterinsights_sitenote_active":false,"_monsterinsights_sitenote_note":"","_monsterinsights_sitenote_category":0},"product_cat":[27],"product_tag":[],"_links":{"self":[{"href":"https:\/\/thucphamchayhoalacfood.com\/index.php\/wp-json\/wp\/v2\/product\/723"}],"collection":[{"href":"https:\/\/thucphamchayhoalacfood.com\/index.php\/wp-json\/wp\/v2\/product"}],"about":[{"href":"https:\/\/thucphamchayhoalacfood.com\/index.php\/wp-json\/wp\/v2\/types\/product"}],"replies":[{"embeddable":true,"href":"https:\/\/thucphamchayhoalacfood.com\/index.php\/wp-json\/wp\/v2\/comments?post=723"}],"wp:featuredmedia":[{"embeddable":true,"href":"https:\/\/thucphamchayhoalacfood.com\/index.php\/wp-json\/wp\/v2\/media\/724"}],"wp:attachment":[{"href":"https:\/\/thucphamchayhoalacfood.com\/index.php\/wp-json\/wp\/v2\/media?parent=723"}],"wp:term":[{"taxonomy":"product_cat","embeddable":true,"href":"https:\/\/thucphamchayhoalacfood.com\/index.php\/wp-json\/wp\/v2\/product_cat?post=723"},{"taxonomy":"product_tag","embeddable":true,"href":"https:\/\/thucphamchayhoalacfood.com\/index.php\/wp-json\/wp\/v2\/product_tag?post=723"}],"curies":[{"name":"wp","href":"https:\/\/api.w.org\/{rel}","templated":true}]}}