{"id":721,"date":"2023-09-19T04:07:32","date_gmt":"2023-09-19T03:07:32","guid":{"rendered":"https:\/\/thucphamchayhoalacfood.com\/?post_type=product&#038;p=721"},"modified":"2023-09-21T11:01:58","modified_gmt":"2023-09-21T10:01:58","slug":"mien-nam-huong-goi-thung-15-goi","status":"publish","type":"product","link":"https:\/\/thucphamchayhoalacfood.com\/index.php\/product\/mien-nam-huong-goi-thung-15-goi\/","title":{"rendered":"Mi\u1ebfn n\u1ea5m h\u01b0\u01a1ng g\u00f3i th\u00f9ng 15 g\u00f3i"},"content":{"rendered":"\n<p>mi\u1ebfn dai ngon<br>gia v\u1ecb chay v\u00e0 n\u1ea5m h\u01b0\u01a1ng ch\u1ec9 c\u1ea7n cho mi\u1ebfn v\u00e0o t\u00f4 cho n\u01b0\u1edbc s\u00f4i v\u00e0o \u0111\u1eady 3 ph\u00fat l\u00e0 c\u00f3 th\u1ec3 d\u00f9ng<br>Th\u1ef1c ph\u1ea9m chay Hoa L\u1ea1c<br>33 tho\u1ea1i Ng\u1ecdc h\u1ea7u Ho\u00e0 Th\u1ea1nh T\u00e2n Ph\u00fa<br>0969873871<\/p>\n","protected":false},"excerpt":{"rendered":"<p>mi\u1ebfn dai ngongia v\u1ecb chay v\u00e0 n\u1ea5m h\u01b0\u01a1ng ch\u1ec9 c\u1ea7n cho mi\u1ebfn v\u00e0o t\u00f4 cho n\u01b0\u1edbc s\u00f4i v\u00e0o \u0111\u1eady 3 ph\u00fat l\u00e0 c\u00f3 th\u1ec3 d\u00f9ngTh\u1ef1c ph\u1ea9m chay Hoa L\u1ea1c33 tho\u1ea1i Ng\u1ecdc h\u1ea7u Ho\u00e0 Th\u1ea1nh T\u00e2n Ph\u00fa0969873871<\/p>\n","protected":false},"featured_media":722,"comment_status":"open","ping_status":"closed","template":"","meta":{"om_disable_all_campaigns":false,"_monsterinsights_skip_tracking":false,"_monsterinsights_sitenote_active":false,"_monsterinsights_sitenote_note":"","_monsterinsights_sitenote_category":0},"product_cat":[28],"product_tag":[],"_links":{"self":[{"href":"https:\/\/thucphamchayhoalacfood.com\/index.php\/wp-json\/wp\/v2\/product\/721"}],"collection":[{"href":"https:\/\/thucphamchayhoalacfood.com\/index.php\/wp-json\/wp\/v2\/product"}],"about":[{"href":"https:\/\/thucphamchayhoalacfood.com\/index.php\/wp-json\/wp\/v2\/types\/product"}],"replies":[{"embeddable":true,"href":"https:\/\/thucphamchayhoalacfood.com\/index.php\/wp-json\/wp\/v2\/comments?post=721"}],"wp:featuredmedia":[{"embeddable":true,"href":"https:\/\/thucphamchayhoalacfood.com\/index.php\/wp-json\/wp\/v2\/media\/722"}],"wp:attachment":[{"href":"https:\/\/thucphamchayhoalacfood.com\/index.php\/wp-json\/wp\/v2\/media?parent=721"}],"wp:term":[{"taxonomy":"product_cat","embeddable":true,"href":"https:\/\/thucphamchayhoalacfood.com\/index.php\/wp-json\/wp\/v2\/product_cat?post=721"},{"taxonomy":"product_tag","embeddable":true,"href":"https:\/\/thucphamchayhoalacfood.com\/index.php\/wp-json\/wp\/v2\/product_tag?post=721"}],"curies":[{"name":"wp","href":"https:\/\/api.w.org\/{rel}","templated":true}]}}