{"id":69,"date":"2023-09-08T03:42:12","date_gmt":"2023-09-08T02:42:12","guid":{"rendered":"https:\/\/thucphamchayhoalacfood.com\/?post_type=product&#038;p=69"},"modified":"2023-09-21T07:59:17","modified_gmt":"2023-09-21T06:59:17","slug":"nam-hau-thu-chay-hoa-lac-bich-500gr","status":"publish","type":"product","link":"https:\/\/thucphamchayhoalacfood.com\/index.php\/product\/nam-hau-thu-chay-hoa-lac-bich-500gr\/","title":{"rendered":"N\u1ea5m h\u1ea7u th\u1ee7 chay Hoa L\u1ea1c bich 500gr"},"content":{"rendered":"\n<p>N\u1ea5m h\u1ea7u th\u1ee7 \u0111\u00f4ng l\u1ea1nh c\u00f2n g\u1ecdi l\u00e0 n\u1ea5u \u0111\u1ea7u kh\u1ec9<br>Ai m\u1edbi t\u1eadp \u0103n chay n\u00ean \u0103n n\u1ea5m n\u1ea7y nha v\u00ec th\u00e0nh ph\u1ea7n dinh d\u01b0\u1ee1ng r\u1ea5t cao kh\u00f4ng lo thi\u1ebfu ch\u1ea5t<\/p>\n\n\n\n<p>\/-heart v\u00ec c\u00f4ng d\u1ee5ng tuy\u1ec7t v\u1eddi c\u1ee7a n\u00f3<br>: :p gi\u00fap h\u1ed7 tr\u1ee3 h\u1ec7 ti\u00eau ho\u00e1 , b\u1ec7nh v\u1ec1 d\u1ea1 d\u00e0y<br>\/-li b\u1ec7nh ng\u01b0\u1eddi gi\u00e0 alzheimer<br>\/-li s\u1ea3n ph\u1ea9m tuy\u1ec7t v\u1eddi d\u00e0nh cho ng\u01b0\u1eddi m\u1edbi \u1ed1m<br>d\u1eady , b\u1ecb y\u1ebfu s\u1ee9c ph\u1ee5c h\u1ed3i sinh l\u1ef1c v\u00e0 d\u00e0nh cho nh\u1eefng ng\u01b0\u1eddi an chay \u0103n ki\u00eang , gi\u1ea3m c\u0103ng th\u1eb3ng m\u1ec7t m\u1ed7i<br>C\u00e1ch d\u00f9ng nh\u01b0 c\u00e1c lo\u1ea1i n\u1ea5m th\u00f4ng th\u01b0\u1eddng<br>R\u1ea2 \u0111\u00f4ng n\u1ea5u canh x\u00e0o chay , chi\u00ean gi\u00f2n hoac x\u00e0o m\u1eb7n<br>R\u1ea5t t\u1ed1t \u1ea1<br>Lh 0969873871<br>Th\u1ef1c ph\u1ea9m chay Hoa L\u1ea1c<br>33 tho\u1ea1i Ng\u1ecdc H\u1ea7u Ho\u00e0 Th\u1ea1nh T\u00e2n Ph\u00fa<\/p>\n","protected":false},"excerpt":{"rendered":"<p>N\u1ea5m h\u1ea7u th\u1ee7 \u0111\u00f4ng l\u1ea1nh c\u00f2n g\u1ecdi l\u00e0 n\u1ea5u \u0111\u1ea7u kh\u1ec9Ai m\u1edbi t\u1eadp \u0103n chay n\u00ean \u0103n n\u1ea5m n\u1ea7y nha v\u00ec th\u00e0nh ph\u1ea7n dinh d\u01b0\u1ee1ng r\u1ea5t cao kh\u00f4ng lo thi\u1ebfu ch\u1ea5t \/-heart v\u00ec c\u00f4ng d\u1ee5ng tuy\u1ec7t v\u1eddi c\u1ee7a n\u00f3: :p gi\u00fap h\u1ed7 tr\u1ee3 h\u1ec7 ti\u00eau ho\u00e1 , b\u1ec7nh v\u1ec1 d\u1ea1 d\u00e0y\/-li b\u1ec7nh ng\u01b0\u1eddi gi\u00e0 alzheimer\/-li &hellip; <\/p>\n<div class=\"link-more text-center\"><a href=\"https:\/\/thucphamchayhoalacfood.com\/index.php\/product\/nam-hau-thu-chay-hoa-lac-bich-500gr\/\" class=\"more-link py-2 px-4\">Read More<span class=\"screen-reader-text\"> &#8220;N\u1ea5m h\u1ea7u th\u1ee7 chay Hoa L\u1ea1c bich 500gr&#8221;<\/span><\/a><\/div>\n","protected":false},"featured_media":64,"comment_status":"open","ping_status":"closed","template":"","meta":{"om_disable_all_campaigns":false,"_monsterinsights_skip_tracking":false,"_monsterinsights_sitenote_active":false,"_monsterinsights_sitenote_note":"","_monsterinsights_sitenote_category":0},"product_cat":[24],"product_tag":[],"_links":{"self":[{"href":"https:\/\/thucphamchayhoalacfood.com\/index.php\/wp-json\/wp\/v2\/product\/69"}],"collection":[{"href":"https:\/\/thucphamchayhoalacfood.com\/index.php\/wp-json\/wp\/v2\/product"}],"about":[{"href":"https:\/\/thucphamchayhoalacfood.com\/index.php\/wp-json\/wp\/v2\/types\/product"}],"replies":[{"embeddable":true,"href":"https:\/\/thucphamchayhoalacfood.com\/index.php\/wp-json\/wp\/v2\/comments?post=69"}],"wp:featuredmedia":[{"embeddable":true,"href":"https:\/\/thucphamchayhoalacfood.com\/index.php\/wp-json\/wp\/v2\/media\/64"}],"wp:attachment":[{"href":"https:\/\/thucphamchayhoalacfood.com\/index.php\/wp-json\/wp\/v2\/media?parent=69"}],"wp:term":[{"taxonomy":"product_cat","embeddable":true,"href":"https:\/\/thucphamchayhoalacfood.com\/index.php\/wp-json\/wp\/v2\/product_cat?post=69"},{"taxonomy":"product_tag","embeddable":true,"href":"https:\/\/thucphamchayhoalacfood.com\/index.php\/wp-json\/wp\/v2\/product_tag?post=69"}],"curies":[{"name":"wp","href":"https:\/\/api.w.org\/{rel}","templated":true}]}}