{"id":689,"date":"2023-09-19T03:16:29","date_gmt":"2023-09-19T02:16:29","guid":{"rendered":"https:\/\/thucphamchayhoalacfood.com\/?post_type=product&#038;p=689"},"modified":"2025-07-18T11:02:50","modified_gmt":"2025-07-18T10:02:50","slug":"banh-bao-chan-nam-rau-cu-chay-hoa-lac-bich-6-cai-2","status":"publish","type":"product","link":"https:\/\/thucphamchayhoalacfood.com\/index.php\/product\/banh-bao-chan-nam-rau-cu-chay-hoa-lac-bich-6-cai-2\/","title":{"rendered":"B\u00e1nh bao ch\u00e2n n\u1ea5m rau c\u1ee7 chay Hoa L\u1ea1c b\u1ecbch 6 c\u00e1i"},"content":{"rendered":"\n<p>B\u00e1nh bao chay c\u1ea3 nh\u00e0 \u01a1i<br>B\u00e1nh bao c\u1ea5p \u0111\u00f4ng<br>hsd 3 th\u00e1ng \u0111\u1ec3 ng\u0103n \u0111\u00f4ng<br>N\u00e0o \u0103n lay ra h\u1ea5p t\u1ea7m 10 ph\u00fat l\u00e0 c\u00f3 b\u00e1nh \u0103n ak<br>Ti\u1ec7n l\u1ee3i cho nh\u1eefng ng\u00e0y b\u1eadn r\u1ed9n<br>B\u00e1nh ngon v\u1ecf m\u1ec1m kh\u00f4ng b\u1ecb c\u1ee9ng kh\u00e1ch \u0103n 1 l\u1ea7n d\u1ec5 b\u1ecb nghi\u1ec7n l\u1eafm ak<br>Em nh\u1eadn \u0111\u1eb7t b\u00e1nh t\u1eeb thi\u1ec7n s\u1ed1 l\u01b0\u1ee3ng bao nhiu c\u0169ng c\u00f3<br>33 tho\u1ea1i Ng\u1ecdc H\u1ea7u ho\u00e0 th\u1ea1nh t\u00e2n Ph\u00fa<br>Th\u1ef1c ph\u1ea9m chay Hoa L\u1ea1c<br>0969873871<\/p>\n","protected":false},"excerpt":{"rendered":"<p><strong>( ch\u1ec9 giao khu v\u1ef1c Tphcm)<\/strong><\/p>\n","protected":false},"featured_media":357,"comment_status":"open","ping_status":"closed","template":"","meta":{"om_disable_all_campaigns":false,"_monsterinsights_skip_tracking":false,"_monsterinsights_sitenote_active":false,"_monsterinsights_sitenote_note":"","_monsterinsights_sitenote_category":0},"product_cat":[24],"product_tag":[],"_links":{"self":[{"href":"https:\/\/thucphamchayhoalacfood.com\/index.php\/wp-json\/wp\/v2\/product\/689"}],"collection":[{"href":"https:\/\/thucphamchayhoalacfood.com\/index.php\/wp-json\/wp\/v2\/product"}],"about":[{"href":"https:\/\/thucphamchayhoalacfood.com\/index.php\/wp-json\/wp\/v2\/types\/product"}],"replies":[{"embeddable":true,"href":"https:\/\/thucphamchayhoalacfood.com\/index.php\/wp-json\/wp\/v2\/comments?post=689"}],"wp:featuredmedia":[{"embeddable":true,"href":"https:\/\/thucphamchayhoalacfood.com\/index.php\/wp-json\/wp\/v2\/media\/357"}],"wp:attachment":[{"href":"https:\/\/thucphamchayhoalacfood.com\/index.php\/wp-json\/wp\/v2\/media?parent=689"}],"wp:term":[{"taxonomy":"product_cat","embeddable":true,"href":"https:\/\/thucphamchayhoalacfood.com\/index.php\/wp-json\/wp\/v2\/product_cat?post=689"},{"taxonomy":"product_tag","embeddable":true,"href":"https:\/\/thucphamchayhoalacfood.com\/index.php\/wp-json\/wp\/v2\/product_tag?post=689"}],"curies":[{"name":"wp","href":"https:\/\/api.w.org\/{rel}","templated":true}]}}