{"id":56,"date":"2023-09-08T03:31:51","date_gmt":"2023-09-08T02:31:51","guid":{"rendered":"https:\/\/thucphamchayhoalacfood.com\/?post_type=product&#038;p=56"},"modified":"2025-01-07T16:00:57","modified_gmt":"2025-01-07T16:00:57","slug":"ca-man-thuan-chay-hoa-lac-500gr","status":"publish","type":"product","link":"https:\/\/thucphamchayhoalacfood.com\/index.php\/product\/ca-man-thuan-chay-hoa-lac-500gr\/","title":{"rendered":"C\u00e1 m\u1eb7n thu\u1ea7n chay Hoa L\u1ea1c 500gr"},"content":{"rendered":"\n<p>M\u00f3n m\u1edbi nh\u00e9 kh\u00e1ch KH\u00d4 C\u00c1 M\u1eb6N THU\u1ea6N CHAY<\/p>\n\n\n\n<ul>\n<li>\u0102n ngon, dai, kh\u00f4ng b\u1ecb b\u1ee1 n\u00e1t<\/li>\n\n\n\n<li>V\u1ecb H\u00e0i H\u00f2a kh\u00f4ng m\u1eb7n v\u1eeba \u0103n kh\u00f4ng b\u1ecb ng\u00e1n v\u00e0 d\u1ec5 b\u1ecb nghi\u1ec1n.<\/li>\n\n\n\n<li>M\u1ed7i t\u00fai c\u00f3 500 gram \u0111\u01b0\u1ee3c h\u00fat ch\u00e2n kh\u00f4ng s\u1ea1ch s\u1ebd, ch\u1ec9 c\u1ea7n chi\u00ean n\u00f3ng l\u00e0 c\u00f3 th\u1ec3 d\u00f9ng \u0111\u01b0\u1ee3c ngay. Ti\u1ec7n l\u1ee3i d\u1ec5 mang theo khi \u0111i l\u00e0m, \u0111i ch\u01a1i, du l\u1ecbch. C\u00f3 th\u1ec3 l\u00e0m qu\u00e0 t\u1eb7ng cho ng\u01b0\u1eddi th\u00e2n th\u01b0\u01a1ng\u2026<\/li>\n\n\n\n<li>L\u00e0 m\u00f3n \u0103n \u0111\u01b0\u1ee3c nhi\u1ec1u ng\u01b0\u1eddi y\u00eau th\u00edch nh\u1ea5t nh\u00e0 e lu\u00f4n \u1ea1 , kh\u00e1ch n\u00e0o c\u0169ng khen ngon ^^<br>\u2618Th\u00e0nh ph\u1ea7n: s\u01b0\u1eddn non, rong bi\u1ec3n, gia v\u1ecb thu\u1ea7n chay<br>\u2618 C\u00e1ch d\u00f9ng: chi\u00ean n\u00f3ng \u0103n v\u1edbi c\u01a1m, ch\u00e1o, b\u00fan\u2026<br>\u2618 B\u1ea3o qu\u1ea3n: ng\u0103n \u0111\u00f4ng t\u1ee7 l\u1ea1nh<br>Lh 0969873871<br>Th\u1ef1c Ph\u1ea9m Chay Hoa L\u1ea1c<br>Dc 33 tho\u1ea1i Ng\u1ecdc H\u1ea7u Ho\u00e0 th\u1ea1nh T\u00e2n Ph\u00fa<\/li>\n<\/ul>\n","protected":false},"excerpt":{"rendered":"<p>M\u00f3n m\u1edbi nh\u00e9 kh\u00e1ch KH\u00d4 C\u00c1 M\u1eb6N THU\u1ea6N CHAY<\/p>\n","protected":false},"featured_media":656,"comment_status":"open","ping_status":"closed","template":"","meta":{"om_disable_all_campaigns":false,"_monsterinsights_skip_tracking":false,"_monsterinsights_sitenote_active":false,"_monsterinsights_sitenote_note":"","_monsterinsights_sitenote_category":0},"product_cat":[34],"product_tag":[],"_links":{"self":[{"href":"https:\/\/thucphamchayhoalacfood.com\/index.php\/wp-json\/wp\/v2\/product\/56"}],"collection":[{"href":"https:\/\/thucphamchayhoalacfood.com\/index.php\/wp-json\/wp\/v2\/product"}],"about":[{"href":"https:\/\/thucphamchayhoalacfood.com\/index.php\/wp-json\/wp\/v2\/types\/product"}],"replies":[{"embeddable":true,"href":"https:\/\/thucphamchayhoalacfood.com\/index.php\/wp-json\/wp\/v2\/comments?post=56"}],"wp:featuredmedia":[{"embeddable":true,"href":"https:\/\/thucphamchayhoalacfood.com\/index.php\/wp-json\/wp\/v2\/media\/656"}],"wp:attachment":[{"href":"https:\/\/thucphamchayhoalacfood.com\/index.php\/wp-json\/wp\/v2\/media?parent=56"}],"wp:term":[{"taxonomy":"product_cat","embeddable":true,"href":"https:\/\/thucphamchayhoalacfood.com\/index.php\/wp-json\/wp\/v2\/product_cat?post=56"},{"taxonomy":"product_tag","embeddable":true,"href":"https:\/\/thucphamchayhoalacfood.com\/index.php\/wp-json\/wp\/v2\/product_tag?post=56"}],"curies":[{"name":"wp","href":"https:\/\/api.w.org\/{rel}","templated":true}]}}