{"id":450,"date":"2023-09-08T07:01:12","date_gmt":"2023-09-08T06:01:12","guid":{"rendered":"https:\/\/thucphamchayhoalacfood.com\/?post_type=product&#038;p=450"},"modified":"2024-08-13T10:14:37","modified_gmt":"2024-08-13T09:14:37","slug":"cha-bo-chay-phuong-loan-500gr","status":"publish","type":"product","link":"https:\/\/thucphamchayhoalacfood.com\/index.php\/product\/cha-bo-chay-phuong-loan-500gr\/","title":{"rendered":"Ch\u1ea3 b\u00f2 Chay Ph\u01b0\u01a1ng Loan 500gr"},"content":{"rendered":"\n<p>Th\u00e0nh ph\u1ea7n : tinh b\u1ed9t m\u00ec, n\u1ea5m h\u01b0\u01a1ng gia v\u1ecb thu\u1ea7n chay<br>Th\u00e0nh ph\u1ea7n th\u1ecbt chay , tinh b\u1ed9t m\u00ec , n\u1ea5m gia v\u1ecb thu\u1ea7n chay<br>c\u00e1ch d\u00f9ng : \u0103n b\u00e1nh m\u00ec , kh\u00f4 ti\u00eau, n\u1ea5m b\u00fan b\u00f2 tu\u1ef3 thic<br>33 tho\u1ea1i Ng\u1ecdc h\u1ea7u ho\u00e0 th\u1ea1nh T\u00e2n Ph\u00fa<br>Th\u1ef1c ph\u1ea9m chay Hoa L\u1ea1c<br>0969873871<br>h\u00e0ng tr\u1eef \u0111\u00f4ng<\/p>\n","protected":false},"excerpt":{"rendered":"<p>Th\u00e0nh ph\u1ea7n : tinh b\u1ed9t m\u00ec, n\u1ea5m h\u01b0\u01a1ng gia v\u1ecb thu\u1ea7n chayTh\u00e0nh ph\u1ea7n th\u1ecbt chay , tinh b\u1ed9t m\u00ec , n\u1ea5m gia v\u1ecb thu\u1ea7n chayc\u00e1ch d\u00f9ng : \u0103n b\u00e1nh m\u00ec , kh\u00f4 ti\u00eau, n\u1ea5m b\u00fan b\u00f2 tu\u1ef3 thic33 tho\u1ea1i Ng\u1ecdc h\u1ea7u ho\u00e0 th\u1ea1nh T\u00e2n Ph\u00faTh\u1ef1c ph\u1ea9m chay Hoa L\u1ea1c0969873871h\u00e0ng tr\u1eef \u0111\u00f4ng<\/p>\n","protected":false},"featured_media":451,"comment_status":"open","ping_status":"closed","template":"","meta":{"om_disable_all_campaigns":false,"_monsterinsights_skip_tracking":false,"_monsterinsights_sitenote_active":false,"_monsterinsights_sitenote_note":"","_monsterinsights_sitenote_category":0},"product_cat":[24],"product_tag":[],"_links":{"self":[{"href":"https:\/\/thucphamchayhoalacfood.com\/index.php\/wp-json\/wp\/v2\/product\/450"}],"collection":[{"href":"https:\/\/thucphamchayhoalacfood.com\/index.php\/wp-json\/wp\/v2\/product"}],"about":[{"href":"https:\/\/thucphamchayhoalacfood.com\/index.php\/wp-json\/wp\/v2\/types\/product"}],"replies":[{"embeddable":true,"href":"https:\/\/thucphamchayhoalacfood.com\/index.php\/wp-json\/wp\/v2\/comments?post=450"}],"wp:featuredmedia":[{"embeddable":true,"href":"https:\/\/thucphamchayhoalacfood.com\/index.php\/wp-json\/wp\/v2\/media\/451"}],"wp:attachment":[{"href":"https:\/\/thucphamchayhoalacfood.com\/index.php\/wp-json\/wp\/v2\/media?parent=450"}],"wp:term":[{"taxonomy":"product_cat","embeddable":true,"href":"https:\/\/thucphamchayhoalacfood.com\/index.php\/wp-json\/wp\/v2\/product_cat?post=450"},{"taxonomy":"product_tag","embeddable":true,"href":"https:\/\/thucphamchayhoalacfood.com\/index.php\/wp-json\/wp\/v2\/product_tag?post=450"}],"curies":[{"name":"wp","href":"https:\/\/api.w.org\/{rel}","templated":true}]}}