{"id":439,"date":"2023-09-08T06:55:35","date_gmt":"2023-09-08T05:55:35","guid":{"rendered":"https:\/\/thucphamchayhoalacfood.com\/?post_type=product&#038;p=439"},"modified":"2024-01-11T17:28:00","modified_gmt":"2024-01-11T17:28:00","slug":"kho-qua-nhoi-thit-chay-an-nhien-300gr","status":"publish","type":"product","link":"https:\/\/thucphamchayhoalacfood.com\/index.php\/product\/kho-qua-nhoi-thit-chay-an-nhien-300gr\/","title":{"rendered":"Kh\u1ed5 qua nh\u1ed3i th\u1ecbt chay An Nhi\u00ean 300gr"},"content":{"rendered":"\n<p>th\u00e0nh ph\u1ea7n : \u0111\u1ea1m \u0111\u1eadu n\u00e0nh kh\u1ed5 qua gia v\u1ecb thu\u1ea7n chay<br>R\u1ea2 \u0111\u00f4ng chi\u00ean , n\u1ea5u canh<br>LH 0969873871<br>Th\u1ef1c ph\u1ea9m chay hoa L\u1ea1c<br>33 tho\u1ea1i Ng\u1ecdc h\u1ea7u ho\u00e0 th\u1ea1nh T\u00e2n Ph\u00fa<\/p>\n","protected":false},"excerpt":{"rendered":"<p>th\u00e0nh ph\u1ea7n : \u0111\u1ea1m \u0111\u1eadu n\u00e0nh kh\u1ed5 qua gia v\u1ecb thu\u1ea7n chayR\u1ea2 \u0111\u00f4ng chi\u00ean , n\u1ea5u canhLH 0969873871Th\u1ef1c ph\u1ea9m chay hoa L\u1ea1c33 tho\u1ea1i Ng\u1ecdc h\u1ea7u ho\u00e0 th\u1ea1nh T\u00e2n Ph\u00fa<\/p>\n","protected":false},"featured_media":440,"comment_status":"open","ping_status":"closed","template":"","meta":{"om_disable_all_campaigns":false,"_monsterinsights_skip_tracking":false,"_monsterinsights_sitenote_active":false,"_monsterinsights_sitenote_note":"","_monsterinsights_sitenote_category":0},"product_cat":[24],"product_tag":[],"_links":{"self":[{"href":"https:\/\/thucphamchayhoalacfood.com\/index.php\/wp-json\/wp\/v2\/product\/439"}],"collection":[{"href":"https:\/\/thucphamchayhoalacfood.com\/index.php\/wp-json\/wp\/v2\/product"}],"about":[{"href":"https:\/\/thucphamchayhoalacfood.com\/index.php\/wp-json\/wp\/v2\/types\/product"}],"replies":[{"embeddable":true,"href":"https:\/\/thucphamchayhoalacfood.com\/index.php\/wp-json\/wp\/v2\/comments?post=439"}],"wp:featuredmedia":[{"embeddable":true,"href":"https:\/\/thucphamchayhoalacfood.com\/index.php\/wp-json\/wp\/v2\/media\/440"}],"wp:attachment":[{"href":"https:\/\/thucphamchayhoalacfood.com\/index.php\/wp-json\/wp\/v2\/media?parent=439"}],"wp:term":[{"taxonomy":"product_cat","embeddable":true,"href":"https:\/\/thucphamchayhoalacfood.com\/index.php\/wp-json\/wp\/v2\/product_cat?post=439"},{"taxonomy":"product_tag","embeddable":true,"href":"https:\/\/thucphamchayhoalacfood.com\/index.php\/wp-json\/wp\/v2\/product_tag?post=439"}],"curies":[{"name":"wp","href":"https:\/\/api.w.org\/{rel}","templated":true}]}}