{"id":430,"date":"2023-09-08T06:51:05","date_gmt":"2023-09-08T05:51:05","guid":{"rendered":"https:\/\/thucphamchayhoalacfood.com\/?post_type=product&#038;p=430"},"modified":"2024-01-10T13:12:37","modified_gmt":"2024-01-10T13:12:37","slug":"ca-_bo-vien-lam-tu-nam-chay-an-nhien-500gr","status":"publish","type":"product","link":"https:\/\/thucphamchayhoalacfood.com\/index.php\/product\/ca-_bo-vien-lam-tu-nam-chay-an-nhien-500gr\/","title":{"rendered":"C\u00e1 _b\u00f2 vi\u00ean l\u00e0m t\u1eeb n\u1ea5m chay An Nhi\u00ean 500gr"},"content":{"rendered":"\n<p>th\u00e0nh ph\u1ea7n :b\u1ed9t khoai s\u1ecd , b\u1ed9t khoai n\u01b0a , \u0111\u00e2m \u0111\u00f4ng c\u00f4 gia v\u1ecb thu\u1ea7n chay<\/p>\n\n\n\n<p>th\u00e0nh ph\u1ea7n : \u0111\u1ea1m \u0111\u1eadu n\u00e0nh gia v\u1ecb thu\u1ea7n chay<br>c\u00e1ch d\u00f9ng : R\u1ea2 \u0111\u00f4ng n\u01b0\u1edbng ho\u1eb7c chi\u00ean , kho , , c\u01a1m n\u00f3ng \u0111i\u1ec1u \u0111\u01b0\u1ee3c<br>LH 0969873871<br>Th\u1ef1c ph\u1ea9m chay hoa L\u1ea1c<br>33 tho\u1ea1i Ng\u1ecdc h\u1ea7u ho\u00e0 th\u1ea1nh T\u00e2n Ph\u00fa<\/p>\n","protected":false},"excerpt":{"rendered":"<p>th\u00e0nh ph\u1ea7n :b\u1ed9t khoai s\u1ecd , b\u1ed9t khoai n\u01b0a , \u0111\u00e2m \u0111\u00f4ng c\u00f4 gia v\u1ecb thu\u1ea7n chay th\u00e0nh ph\u1ea7n : \u0111\u1ea1m \u0111\u1eadu n\u00e0nh gia v\u1ecb thu\u1ea7n chayc\u00e1ch d\u00f9ng : R\u1ea2 \u0111\u00f4ng n\u01b0\u1edbng ho\u1eb7c chi\u00ean , kho , , c\u01a1m n\u00f3ng \u0111i\u1ec1u \u0111\u01b0\u1ee3cLH 0969873871Th\u1ef1c ph\u1ea9m chay hoa L\u1ea1c33 tho\u1ea1i Ng\u1ecdc h\u1ea7u ho\u00e0 th\u1ea1nh T\u00e2n Ph\u00fa<\/p>\n","protected":false},"featured_media":433,"comment_status":"open","ping_status":"closed","template":"","meta":{"om_disable_all_campaigns":false,"_monsterinsights_skip_tracking":false,"_monsterinsights_sitenote_active":false,"_monsterinsights_sitenote_note":"","_monsterinsights_sitenote_category":0},"product_cat":[24],"product_tag":[],"_links":{"self":[{"href":"https:\/\/thucphamchayhoalacfood.com\/index.php\/wp-json\/wp\/v2\/product\/430"}],"collection":[{"href":"https:\/\/thucphamchayhoalacfood.com\/index.php\/wp-json\/wp\/v2\/product"}],"about":[{"href":"https:\/\/thucphamchayhoalacfood.com\/index.php\/wp-json\/wp\/v2\/types\/product"}],"replies":[{"embeddable":true,"href":"https:\/\/thucphamchayhoalacfood.com\/index.php\/wp-json\/wp\/v2\/comments?post=430"}],"wp:featuredmedia":[{"embeddable":true,"href":"https:\/\/thucphamchayhoalacfood.com\/index.php\/wp-json\/wp\/v2\/media\/433"}],"wp:attachment":[{"href":"https:\/\/thucphamchayhoalacfood.com\/index.php\/wp-json\/wp\/v2\/media?parent=430"}],"wp:term":[{"taxonomy":"product_cat","embeddable":true,"href":"https:\/\/thucphamchayhoalacfood.com\/index.php\/wp-json\/wp\/v2\/product_cat?post=430"},{"taxonomy":"product_tag","embeddable":true,"href":"https:\/\/thucphamchayhoalacfood.com\/index.php\/wp-json\/wp\/v2\/product_tag?post=430"}],"curies":[{"name":"wp","href":"https:\/\/api.w.org\/{rel}","templated":true}]}}