{"id":380,"date":"2023-09-08T06:08:25","date_gmt":"2023-09-08T05:08:25","guid":{"rendered":"https:\/\/thucphamchayhoalacfood.com\/?post_type=product&#038;p=380"},"modified":"2024-01-10T13:16:57","modified_gmt":"2024-01-10T13:16:57","slug":"dui-ech-thuan-chay-500gr","status":"publish","type":"product","link":"https:\/\/thucphamchayhoalacfood.com\/index.php\/product\/dui-ech-thuan-chay-500gr\/","title":{"rendered":"\u0110\u00f9i \u1ebfch Thu\u1ea7n chay 500gr"},"content":{"rendered":"\n<p>\u0110\u00f9i \u1ebfch thu\u1ea7n chay<br>H\u1ee7 ki 100%<br>\u0110\u00e3 gia v\u1ecb v\u1ec1 kho x\u00e0o tu\u1ef3 th\u00edch<br>L\u00e2u l\u00e2u \u0111\u1ed5i m\u00f3n cho b\u1eefa \u0103n th\u00eam phong Ph\u00fa \u0111\u1ee1 nh\u00e0m ch\u00e1n<\/p>\n","protected":false},"excerpt":{"rendered":"<p>( ch<\/p>\n","protected":false},"featured_media":384,"comment_status":"open","ping_status":"closed","template":"","meta":{"om_disable_all_campaigns":false,"_monsterinsights_skip_tracking":false,"_monsterinsights_sitenote_active":false,"_monsterinsights_sitenote_note":"","_monsterinsights_sitenote_category":0},"product_cat":[24],"product_tag":[],"_links":{"self":[{"href":"https:\/\/thucphamchayhoalacfood.com\/index.php\/wp-json\/wp\/v2\/product\/380"}],"collection":[{"href":"https:\/\/thucphamchayhoalacfood.com\/index.php\/wp-json\/wp\/v2\/product"}],"about":[{"href":"https:\/\/thucphamchayhoalacfood.com\/index.php\/wp-json\/wp\/v2\/types\/product"}],"replies":[{"embeddable":true,"href":"https:\/\/thucphamchayhoalacfood.com\/index.php\/wp-json\/wp\/v2\/comments?post=380"}],"wp:featuredmedia":[{"embeddable":true,"href":"https:\/\/thucphamchayhoalacfood.com\/index.php\/wp-json\/wp\/v2\/media\/384"}],"wp:attachment":[{"href":"https:\/\/thucphamchayhoalacfood.com\/index.php\/wp-json\/wp\/v2\/media?parent=380"}],"wp:term":[{"taxonomy":"product_cat","embeddable":true,"href":"https:\/\/thucphamchayhoalacfood.com\/index.php\/wp-json\/wp\/v2\/product_cat?post=380"},{"taxonomy":"product_tag","embeddable":true,"href":"https:\/\/thucphamchayhoalacfood.com\/index.php\/wp-json\/wp\/v2\/product_tag?post=380"}],"curies":[{"name":"wp","href":"https:\/\/api.w.org\/{rel}","templated":true}]}}