{"id":378,"date":"2023-09-08T06:07:45","date_gmt":"2023-09-08T05:07:45","guid":{"rendered":"https:\/\/thucphamchayhoalacfood.com\/?post_type=product&#038;p=378"},"modified":"2025-06-07T11:06:21","modified_gmt":"2025-06-07T10:06:21","slug":"suon-non-lua-mach-phuong-loan-chay-500gr","status":"publish","type":"product","link":"https:\/\/thucphamchayhoalacfood.com\/index.php\/product\/suon-non-lua-mach-phuong-loan-chay-500gr\/","title":{"rendered":"S\u01b0\u1eddn non L\u00faa M\u1ea1ch Hoa L\u1ea1c chay 500gr"},"content":{"rendered":"\n<p>S\u01b0\u1eddn \u0111\u01b0\u1ee3c l\u00e0m t\u1eeb l\u00faa m\u1ea1ch<br>th\u00edch h\u1ee3p cho ng\u01b0\u1eddi b\u1ecb b\u01b0\u1edbu c\u1ed5 tuy\u1ebfn gi\u00e1p kh\u00f4ng d\u00f9ng \u0111\u01b0\u1ee3c \u0111\u1eadu n\u00e0nh<br>c\u00e1ch dung: ng\u00e2m m\u1ec1m v\u1eaft r\u00e1o n\u01b0\u1edbc chi\u00ean gi\u00f2n s\u1ed1t chua ng\u1ecdt<br>33 tho\u1ea1i Ng\u1ecdc h\u1ea7u ho\u00e0 th\u00e0nh T\u00e2n phu<br>0969873871<\/p>\n","protected":false},"excerpt":{"rendered":"<p>S\u01b0\u1eddn \u0111\u01b0\u1ee3c l\u00e0m t\u1eeb l\u00faa m\u1ea1chth\u00edch h\u1ee3p cho ng\u01b0\u1eddi b\u1ecb b\u01b0\u1edbu c\u1ed5 tuy\u1ebfn gi\u00e1p kh\u00f4ng d\u00f9ng \u0111\u01b0\u1ee3c \u0111\u1eadu n\u00e0nhc\u00e1ch dung: ng\u00e2m m\u1ec1m v\u1eaft r\u00e1o n\u01b0\u1edbc chi\u00ean gi\u00f2n s\u1ed1t chua ng\u1ecdt33 tho\u1ea1i Ng\u1ecdc h\u1ea7u ho\u00e0 th\u00e0nh T\u00e2n phu0969873871<\/p>\n","protected":false},"featured_media":665,"comment_status":"open","ping_status":"closed","template":"","meta":{"om_disable_all_campaigns":false,"_monsterinsights_skip_tracking":false,"_monsterinsights_sitenote_active":false,"_monsterinsights_sitenote_note":"","_monsterinsights_sitenote_category":0},"product_cat":[23],"product_tag":[],"_links":{"self":[{"href":"https:\/\/thucphamchayhoalacfood.com\/index.php\/wp-json\/wp\/v2\/product\/378"}],"collection":[{"href":"https:\/\/thucphamchayhoalacfood.com\/index.php\/wp-json\/wp\/v2\/product"}],"about":[{"href":"https:\/\/thucphamchayhoalacfood.com\/index.php\/wp-json\/wp\/v2\/types\/product"}],"replies":[{"embeddable":true,"href":"https:\/\/thucphamchayhoalacfood.com\/index.php\/wp-json\/wp\/v2\/comments?post=378"}],"wp:featuredmedia":[{"embeddable":true,"href":"https:\/\/thucphamchayhoalacfood.com\/index.php\/wp-json\/wp\/v2\/media\/665"}],"wp:attachment":[{"href":"https:\/\/thucphamchayhoalacfood.com\/index.php\/wp-json\/wp\/v2\/media?parent=378"}],"wp:term":[{"taxonomy":"product_cat","embeddable":true,"href":"https:\/\/thucphamchayhoalacfood.com\/index.php\/wp-json\/wp\/v2\/product_cat?post=378"},{"taxonomy":"product_tag","embeddable":true,"href":"https:\/\/thucphamchayhoalacfood.com\/index.php\/wp-json\/wp\/v2\/product_tag?post=378"}],"curies":[{"name":"wp","href":"https:\/\/api.w.org\/{rel}","templated":true}]}}