{"id":337,"date":"2023-09-08T05:50:27","date_gmt":"2023-09-08T04:50:27","guid":{"rendered":"https:\/\/thucphamchayhoalacfood.com\/?post_type=product&#038;p=337"},"modified":"2025-06-07T11:14:23","modified_gmt":"2025-06-07T10:14:23","slug":"ca-phao-mam-nem-chay-hu-850gr","status":"publish","type":"product","link":"https:\/\/thucphamchayhoalacfood.com\/index.php\/product\/ca-phao-mam-nem-chay-hu-850gr\/","title":{"rendered":"C\u00e0 phao m\u1eafm n\u00eam chay h\u1ee7 850gr"},"content":{"rendered":"\n<p>m\u1eafm n\u00eam c\u00e0 ph\u00e1o s\u1eb5n r\u1ed3i nha kh\u00e1ch<br>B\u1eefa kh\u00e1ch n\u00e0o \u0111\u1eb7t th\u00ec gh\u00e9 c\u1eeda h\u00e0ng l\u1ea5y gi\u00fap e nh\u00e9<\/p>\n\n\n\n<p>\u0110u \u0111\u1ee7 c\u00e0 ph\u00e1o m\u1eafm n\u00eam chay ngon L\u1eafm lun c\u1ea3 nh\u00e0 \u01a1i<br>10 ng\u01b0\u1eddi khen \u0111\u1ee7 10 nha<\/p>\n\n\n\n<p>\u0102n l\u00e0 ghi\u1ec1n<br>Th\u00e0nh ph\u1ea7n : m\u1eafm n\u00eam chay , c\u00e0 ph\u00e1o t\u1ecfi \u1edbt \u0111u \u0111\u1ee7 c\u00e0 \u0111\u1ee7 \u0111\u1ee7 an gi\u00f2n gi\u00f2n<br>\u0102n v\u1edbi c\u01a1m , b\u00fan hay cu\u1ed1n g\u1ecfi ch\u1ea5m r\u1ea5t ngon nha kh\u00e1ch oi<br>110k\/h\u1ee7<br>Lh :0969873871<br>Th\u1ef1c ph\u1ea9m chay Hoa L\u1ea1c<br>Dc 33 tho\u1ea1i Ng\u1ecdc h\u1ea7u ph\u01b0\u1eddng ho\u00e0 th\u1ea1nh T\u00e2n Ph\u00fa<\/p>\n","protected":false},"excerpt":{"rendered":"<p>( ch\u1ec9 giao khu v\u1ef1c Tphcm)<\/p>\n","protected":false},"featured_media":338,"comment_status":"open","ping_status":"closed","template":"","meta":{"om_disable_all_campaigns":false,"_monsterinsights_skip_tracking":false,"_monsterinsights_sitenote_active":false,"_monsterinsights_sitenote_note":"","_monsterinsights_sitenote_category":0},"product_cat":[24],"product_tag":[],"_links":{"self":[{"href":"https:\/\/thucphamchayhoalacfood.com\/index.php\/wp-json\/wp\/v2\/product\/337"}],"collection":[{"href":"https:\/\/thucphamchayhoalacfood.com\/index.php\/wp-json\/wp\/v2\/product"}],"about":[{"href":"https:\/\/thucphamchayhoalacfood.com\/index.php\/wp-json\/wp\/v2\/types\/product"}],"replies":[{"embeddable":true,"href":"https:\/\/thucphamchayhoalacfood.com\/index.php\/wp-json\/wp\/v2\/comments?post=337"}],"wp:featuredmedia":[{"embeddable":true,"href":"https:\/\/thucphamchayhoalacfood.com\/index.php\/wp-json\/wp\/v2\/media\/338"}],"wp:attachment":[{"href":"https:\/\/thucphamchayhoalacfood.com\/index.php\/wp-json\/wp\/v2\/media?parent=337"}],"wp:term":[{"taxonomy":"product_cat","embeddable":true,"href":"https:\/\/thucphamchayhoalacfood.com\/index.php\/wp-json\/wp\/v2\/product_cat?post=337"},{"taxonomy":"product_tag","embeddable":true,"href":"https:\/\/thucphamchayhoalacfood.com\/index.php\/wp-json\/wp\/v2\/product_tag?post=337"}],"curies":[{"name":"wp","href":"https:\/\/api.w.org\/{rel}","templated":true}]}}