{"id":334,"date":"2023-09-08T05:49:38","date_gmt":"2023-09-08T04:49:38","guid":{"rendered":"https:\/\/thucphamchayhoalacfood.com\/?post_type=product&#038;p=334"},"modified":"2024-08-13T09:56:07","modified_gmt":"2024-08-13T08:56:07","slug":"cha-gio-hai-san-chay-hop-10-cuon","status":"publish","type":"product","link":"https:\/\/thucphamchayhoalacfood.com\/index.php\/product\/cha-gio-hai-san-chay-hop-10-cuon\/","title":{"rendered":"Ch\u1ea3 gi\u00f2 H\u1ea3i s\u1ea3n chay H\u1ed9p 10 cu\u1ed1n"},"content":{"rendered":"\n<p>C\u1eeda h\u00e0ng em xin gi\u1edbi thi\u1ec7u \u0111\u1ebfn c\u1ea3 nh\u00e0<br>M\u00f3n ch\u1ea3 gi\u00f2 chay<\/p>\n\n\n\n<ul>\n<li>ch\u1ea3 gi\u00f2 H\u1ea3i s\u1ea3n chay 10 cu\u1ed1n<\/li>\n<\/ul>\n\n\n\n<p>Th\u00e0nh ph\u1ea7n : l\u00e0m t\u1eeb rau c\u1ee7 , thanh cua gia v\u1ecb thu\u1ea7n chay<br>C\u00e1ch d\u00f9ng ; chi\u00ean l\u00ean dung chung v\u1edbi b\u00fan v\u1edbi rau hoac an v\u1edbi tuong \u1edbt r\u1ea5t ngon \u1ea1<br>Nh\u00e2n v\u1eeba \u0103n kh\u00f4ng qu\u00e1 nh\u00ecu s\u1ebd kh\u00f4ng b\u1ecb ng\u00e1n<br>An to\u00e0n v\u1ec7 sinh n\u00ean c\u1ea3 nh\u00e0 an t\u00e2m dung ne<\/p>\n","protected":false},"excerpt":{"rendered":"<p>( ch\u1ec9 giao khu v\u1ef1c TpHcm)<\/p>\n","protected":false},"featured_media":335,"comment_status":"open","ping_status":"closed","template":"","meta":{"om_disable_all_campaigns":false,"_monsterinsights_skip_tracking":false,"_monsterinsights_sitenote_active":false,"_monsterinsights_sitenote_note":"","_monsterinsights_sitenote_category":0},"product_cat":[24],"product_tag":[],"_links":{"self":[{"href":"https:\/\/thucphamchayhoalacfood.com\/index.php\/wp-json\/wp\/v2\/product\/334"}],"collection":[{"href":"https:\/\/thucphamchayhoalacfood.com\/index.php\/wp-json\/wp\/v2\/product"}],"about":[{"href":"https:\/\/thucphamchayhoalacfood.com\/index.php\/wp-json\/wp\/v2\/types\/product"}],"replies":[{"embeddable":true,"href":"https:\/\/thucphamchayhoalacfood.com\/index.php\/wp-json\/wp\/v2\/comments?post=334"}],"wp:featuredmedia":[{"embeddable":true,"href":"https:\/\/thucphamchayhoalacfood.com\/index.php\/wp-json\/wp\/v2\/media\/335"}],"wp:attachment":[{"href":"https:\/\/thucphamchayhoalacfood.com\/index.php\/wp-json\/wp\/v2\/media?parent=334"}],"wp:term":[{"taxonomy":"product_cat","embeddable":true,"href":"https:\/\/thucphamchayhoalacfood.com\/index.php\/wp-json\/wp\/v2\/product_cat?post=334"},{"taxonomy":"product_tag","embeddable":true,"href":"https:\/\/thucphamchayhoalacfood.com\/index.php\/wp-json\/wp\/v2\/product_tag?post=334"}],"curies":[{"name":"wp","href":"https:\/\/api.w.org\/{rel}","templated":true}]}}