{"id":318,"date":"2023-09-08T05:44:09","date_gmt":"2023-09-08T04:44:09","guid":{"rendered":"https:\/\/thucphamchayhoalacfood.com\/?post_type=product&#038;p=318"},"modified":"2025-09-26T04:55:37","modified_gmt":"2025-09-26T03:55:37","slug":"ca-vien-huong-vi-chay-goi-1kg","status":"publish","type":"product","link":"https:\/\/thucphamchayhoalacfood.com\/index.php\/product\/ca-vien-huong-vi-chay-goi-1kg\/","title":{"rendered":"C\u00e1 vi\u00ean H\u01b0\u01a1ng v\u1ecb chay g\u00f3i 1kg"},"content":{"rendered":"\n<p>th\u00e0nh ph\u1ea7n : \u0111\u1ea1m \u0111\u1eadu n\u00e0nh gia v\u1ecb thu\u1ea7n chay<br>Th\u00e0nh ph\u1ea7n th\u1ecbt chay , tinh b\u1ed9t m\u00ec , n\u1ea5m gia v\u1ecb thu\u1ea7n chay<br>c\u00e1ch d\u00f9ng : R\u1ea2 \u0111\u00f4ng l\u00e0m c\u00e1 vi\u00ean chi\u00ean , th\u1ea3 l\u1eabu, h\u1ee7 ti\u1ebfu<br>33 tho\u1ea1i Ng\u1ecdc h\u1ea7u ho\u00e0 th\u1ea1nh T\u00e2n Ph\u00fa<br>Th\u1ef1c ph\u1ea9m chay Hoa L\u1ea1c<br>0969873871<br>h\u00e0ng tr\u1eef \u0111\u00f4ng<\/p>\n","protected":false},"excerpt":{"rendered":"<p>th\u00e0nh ph\u1ea7n : \u0111\u1ea1m \u0111\u1eadu n\u00e0nh gia v\u1ecb thu\u1ea7n chayTh\u00e0nh ph\u1ea7n th\u1ecbt chay , tinh b\u1ed9t m\u00ec , n\u1ea5m gia v\u1ecb thu\u1ea7n chayc\u00e1ch d\u00f9ng : R\u1ea2 \u0111\u00f4ng l\u00e0m c\u00e1 vi\u00ean chi\u00ean , th\u1ea3 l\u1eabu, h\u1ee7 ti\u1ebfu33 tho\u1ea1i Ng\u1ecdc h\u1ea7u ho\u00e0 th\u1ea1nh T\u00e2n Ph\u00faTh\u1ef1c ph\u1ea9m chay Hoa L\u1ea1c0969873871h\u00e0ng tr\u1eef \u0111\u00f4ng<\/p>\n","protected":false},"featured_media":319,"comment_status":"open","ping_status":"closed","template":"","meta":{"om_disable_all_campaigns":false,"_monsterinsights_skip_tracking":false,"_monsterinsights_sitenote_active":false,"_monsterinsights_sitenote_note":"","_monsterinsights_sitenote_category":0},"product_cat":[24],"product_tag":[],"_links":{"self":[{"href":"https:\/\/thucphamchayhoalacfood.com\/index.php\/wp-json\/wp\/v2\/product\/318"}],"collection":[{"href":"https:\/\/thucphamchayhoalacfood.com\/index.php\/wp-json\/wp\/v2\/product"}],"about":[{"href":"https:\/\/thucphamchayhoalacfood.com\/index.php\/wp-json\/wp\/v2\/types\/product"}],"replies":[{"embeddable":true,"href":"https:\/\/thucphamchayhoalacfood.com\/index.php\/wp-json\/wp\/v2\/comments?post=318"}],"wp:featuredmedia":[{"embeddable":true,"href":"https:\/\/thucphamchayhoalacfood.com\/index.php\/wp-json\/wp\/v2\/media\/319"}],"wp:attachment":[{"href":"https:\/\/thucphamchayhoalacfood.com\/index.php\/wp-json\/wp\/v2\/media?parent=318"}],"wp:term":[{"taxonomy":"product_cat","embeddable":true,"href":"https:\/\/thucphamchayhoalacfood.com\/index.php\/wp-json\/wp\/v2\/product_cat?post=318"},{"taxonomy":"product_tag","embeddable":true,"href":"https:\/\/thucphamchayhoalacfood.com\/index.php\/wp-json\/wp\/v2\/product_tag?post=318"}],"curies":[{"name":"wp","href":"https:\/\/api.w.org\/{rel}","templated":true}]}}