{"id":292,"date":"2023-09-08T05:32:42","date_gmt":"2023-09-08T04:32:42","guid":{"rendered":"https:\/\/thucphamchayhoalacfood.com\/?post_type=product&#038;p=292"},"modified":"2025-07-20T07:44:47","modified_gmt":"2025-07-20T06:44:47","slug":"tom-tha-lau-chay-huong-vi","status":"publish","type":"product","link":"https:\/\/thucphamchayhoalacfood.com\/index.php\/product\/tom-tha-lau-chay-huong-vi\/","title":{"rendered":"T\u00f4m th\u1ea3 l\u1eabu chay H\u01b0\u01a1ng V\u1ecb"},"content":{"rendered":"\n<p>th\u00e0nh ph\u1ea7n : b\u1ed9t m\u00ec gia v\u1ecb thu\u1ea7n chay<br>c\u00e1ch d\u00f9ng :R\u1ea2 \u0111\u00f4ng , l\u0103n b\u1ed9t , th\u1ea3 l\u1ea9u n\u1ea5u h\u1ee7 ti\u1ebfu tu\u1ef3 th\u00edch<br>Th\u1ef1c ph\u1ea9m chay Hoa L\u1ea1c<br>33 tho\u1ea1i Ng\u1ecdc H\u1ea7u Ho\u00e0 th\u1ea1nh T\u00e2n ph\u00fa<\/p>\n","protected":false},"excerpt":{"rendered":"<p>th\u00e0nh ph\u1ea7n : b\u1ed9t m\u00ec gia v\u1ecb thu\u1ea7n chayc\u00e1ch d\u00f9ng :R\u1ea2 \u0111\u00f4ng , l\u0103n b\u1ed9t , th\u1ea3 l\u1ea9u n\u1ea5u h\u1ee7 ti\u1ebfu tu\u1ef3 th\u00edchTh\u1ef1c ph\u1ea9m chay Hoa L\u1ea1c33 tho\u1ea1i Ng\u1ecdc H\u1ea7u Ho\u00e0 th\u1ea1nh T\u00e2n ph\u00fa<\/p>\n","protected":false},"featured_media":293,"comment_status":"open","ping_status":"closed","template":"","meta":{"om_disable_all_campaigns":false,"_monsterinsights_skip_tracking":false,"_monsterinsights_sitenote_active":false,"_monsterinsights_sitenote_note":"","_monsterinsights_sitenote_category":0},"product_cat":[24],"product_tag":[],"_links":{"self":[{"href":"https:\/\/thucphamchayhoalacfood.com\/index.php\/wp-json\/wp\/v2\/product\/292"}],"collection":[{"href":"https:\/\/thucphamchayhoalacfood.com\/index.php\/wp-json\/wp\/v2\/product"}],"about":[{"href":"https:\/\/thucphamchayhoalacfood.com\/index.php\/wp-json\/wp\/v2\/types\/product"}],"replies":[{"embeddable":true,"href":"https:\/\/thucphamchayhoalacfood.com\/index.php\/wp-json\/wp\/v2\/comments?post=292"}],"wp:featuredmedia":[{"embeddable":true,"href":"https:\/\/thucphamchayhoalacfood.com\/index.php\/wp-json\/wp\/v2\/media\/293"}],"wp:attachment":[{"href":"https:\/\/thucphamchayhoalacfood.com\/index.php\/wp-json\/wp\/v2\/media?parent=292"}],"wp:term":[{"taxonomy":"product_cat","embeddable":true,"href":"https:\/\/thucphamchayhoalacfood.com\/index.php\/wp-json\/wp\/v2\/product_cat?post=292"},{"taxonomy":"product_tag","embeddable":true,"href":"https:\/\/thucphamchayhoalacfood.com\/index.php\/wp-json\/wp\/v2\/product_tag?post=292"}],"curies":[{"name":"wp","href":"https:\/\/api.w.org\/{rel}","templated":true}]}}