{"id":282,"date":"2023-09-08T05:25:35","date_gmt":"2023-09-08T04:25:35","guid":{"rendered":"https:\/\/thucphamchayhoalacfood.com\/?post_type=product&#038;p=282"},"modified":"2025-01-07T16:01:50","modified_gmt":"2025-01-07T16:01:50","slug":"ca-sac-thuan-chay-au-lac-1kg","status":"publish","type":"product","link":"https:\/\/thucphamchayhoalacfood.com\/index.php\/product\/ca-sac-thuan-chay-au-lac-1kg\/","title":{"rendered":"C\u00e1 s\u1eb7c thu\u1ea7n chay \u00c2u L\u1ea1c 200gr"},"content":{"rendered":"\n<p>th\u00e0nh ph\u1ea7n : \u0111\u1ea1m \u0111\u1eadu n\u00e0nh rong bi\u1ec3n gia v\u1ecb thu\u1ea7n chay<br>c\u00e1ch dung: kho, chi\u00ean gi\u00f2n ch\u1ea5m m\u1eafm g\u1eebng r\u1ea5t ngon<br>33 tho\u1ea1i Ng\u1ecdc H\u1ea7u Ho\u00e0 th\u1ea1nh T\u00e2n Ph\u00fa<br>0969873871<br>th\u1ef1c ph\u1ea9m chay hoa l\u1ea1c<\/p>\n","protected":false},"excerpt":{"rendered":"<p>th\u00e0nh ph\u1ea7n : \u0111\u1ea1m \u0111\u1eadu n\u00e0nh rong bi\u1ec3n gia v\u1ecb thu\u1ea7n chayc\u00e1ch dung: kho, chi\u00ean gi\u00f2n ch\u1ea5m m\u1eafm g\u1eebng r\u1ea5t ngon33 tho\u1ea1i Ng\u1ecdc H\u1ea7u Ho\u00e0 th\u1ea1nh T\u00e2n Ph\u00fa0969873871th\u1ef1c ph\u1ea9m chay hoa l\u1ea1c<\/p>\n","protected":false},"featured_media":278,"comment_status":"open","ping_status":"closed","template":"","meta":{"om_disable_all_campaigns":false,"_monsterinsights_skip_tracking":false,"_monsterinsights_sitenote_active":false,"_monsterinsights_sitenote_note":"","_monsterinsights_sitenote_category":0},"product_cat":[34],"product_tag":[],"_links":{"self":[{"href":"https:\/\/thucphamchayhoalacfood.com\/index.php\/wp-json\/wp\/v2\/product\/282"}],"collection":[{"href":"https:\/\/thucphamchayhoalacfood.com\/index.php\/wp-json\/wp\/v2\/product"}],"about":[{"href":"https:\/\/thucphamchayhoalacfood.com\/index.php\/wp-json\/wp\/v2\/types\/product"}],"replies":[{"embeddable":true,"href":"https:\/\/thucphamchayhoalacfood.com\/index.php\/wp-json\/wp\/v2\/comments?post=282"}],"wp:featuredmedia":[{"embeddable":true,"href":"https:\/\/thucphamchayhoalacfood.com\/index.php\/wp-json\/wp\/v2\/media\/278"}],"wp:attachment":[{"href":"https:\/\/thucphamchayhoalacfood.com\/index.php\/wp-json\/wp\/v2\/media?parent=282"}],"wp:term":[{"taxonomy":"product_cat","embeddable":true,"href":"https:\/\/thucphamchayhoalacfood.com\/index.php\/wp-json\/wp\/v2\/product_cat?post=282"},{"taxonomy":"product_tag","embeddable":true,"href":"https:\/\/thucphamchayhoalacfood.com\/index.php\/wp-json\/wp\/v2\/product_tag?post=282"}],"curies":[{"name":"wp","href":"https:\/\/api.w.org\/{rel}","templated":true}]}}