{"id":273,"date":"2023-09-08T05:22:30","date_gmt":"2023-09-08T04:22:30","guid":{"rendered":"https:\/\/thucphamchayhoalacfood.com\/?post_type=product&#038;p=273"},"modified":"2025-07-01T07:25:35","modified_gmt":"2025-07-01T06:25:35","slug":"tom-hu-ki-phuong-loan-thuan-chay","status":"publish","type":"product","link":"https:\/\/thucphamchayhoalacfood.com\/index.php\/product\/tom-hu-ki-phuong-loan-thuan-chay\/","title":{"rendered":"T\u00f4m h\u1ee7 ki Ph\u01b0\u01a1ng Loan thu\u1ea7n chay 1kg"},"content":{"rendered":"\n<p>th\u00e0nh ph\u1ea7n :h\u1ee7 ki gia v\u1ecb thu\u1ea7n chay<br>d\u00f9ng s\u1ed1t c\u00e0 \u0103n r\u1ea5t ngon nh\u00e9 c\u1ea3 nh\u00e0 \u01a1i<br>hsd 12 th\u00e1ng<br>h\u00e0ng \u0111\u00f4ng l\u1ea1nh<br>33 tho\u1ea1i Ng\u1ecdc H\u1ea7u ho\u00e0 th\u1ea1nh t\u00e2n Ph\u00fa<br>Th\u1ef1c ph\u1ea9m chay Hoa L\u1ea1c<br>0969873871<\/p>\n","protected":false},"excerpt":{"rendered":"<p>th\u00e0nh ph\u1ea7n :h\u1ee7 ki gia v\u1ecb thu\u1ea7n chayd\u00f9ng s\u1ed1t c\u00e0 \u0103n r\u1ea5t ngon nh\u00e9 c\u1ea3 nh\u00e0 \u01a1ihsd 12 th\u00e1ngh\u00e0ng \u0111\u00f4ng l\u1ea1nh33 tho\u1ea1i Ng\u1ecdc H\u1ea7u ho\u00e0 th\u1ea1nh t\u00e2n Ph\u00faTh\u1ef1c ph\u1ea9m chay Hoa L\u1ea1c0969873871<\/p>\n","protected":false},"featured_media":272,"comment_status":"open","ping_status":"closed","template":"","meta":{"om_disable_all_campaigns":false,"_monsterinsights_skip_tracking":false,"_monsterinsights_sitenote_active":false,"_monsterinsights_sitenote_note":"","_monsterinsights_sitenote_category":0},"product_cat":[24],"product_tag":[],"_links":{"self":[{"href":"https:\/\/thucphamchayhoalacfood.com\/index.php\/wp-json\/wp\/v2\/product\/273"}],"collection":[{"href":"https:\/\/thucphamchayhoalacfood.com\/index.php\/wp-json\/wp\/v2\/product"}],"about":[{"href":"https:\/\/thucphamchayhoalacfood.com\/index.php\/wp-json\/wp\/v2\/types\/product"}],"replies":[{"embeddable":true,"href":"https:\/\/thucphamchayhoalacfood.com\/index.php\/wp-json\/wp\/v2\/comments?post=273"}],"wp:featuredmedia":[{"embeddable":true,"href":"https:\/\/thucphamchayhoalacfood.com\/index.php\/wp-json\/wp\/v2\/media\/272"}],"wp:attachment":[{"href":"https:\/\/thucphamchayhoalacfood.com\/index.php\/wp-json\/wp\/v2\/media?parent=273"}],"wp:term":[{"taxonomy":"product_cat","embeddable":true,"href":"https:\/\/thucphamchayhoalacfood.com\/index.php\/wp-json\/wp\/v2\/product_cat?post=273"},{"taxonomy":"product_tag","embeddable":true,"href":"https:\/\/thucphamchayhoalacfood.com\/index.php\/wp-json\/wp\/v2\/product_tag?post=273"}],"curies":[{"name":"wp","href":"https:\/\/api.w.org\/{rel}","templated":true}]}}