{"id":267,"date":"2023-09-08T05:19:46","date_gmt":"2023-09-08T04:19:46","guid":{"rendered":"https:\/\/thucphamchayhoalacfood.com\/?post_type=product&#038;p=267"},"modified":"2025-06-07T11:07:10","modified_gmt":"2025-06-07T10:07:10","slug":"suon-nuong-ngu-vi-thuan-chay-hoa-lac-500gr","status":"publish","type":"product","link":"https:\/\/thucphamchayhoalacfood.com\/index.php\/product\/suon-nuong-ngu-vi-thuan-chay-hoa-lac-500gr\/","title":{"rendered":"S\u01b0\u1eddn n\u01b0\u1edbng ng\u0169 v\u1ecb thu\u1ea7n chay Hoa L\u1ea1c 500GR"},"content":{"rendered":"\n<p>C\u1eeda h\u00e0ng em xin gi\u1edbi thi\u1ec7u \u0111\u1ebfn c\u1ea3 nh\u00e0<br>S\u01b0\u1eddn n\u01b0\u1edbng ng\u0169 v\u1ecb chay<\/p>\n\n\n\n<p>\u0110\u01b0\u1ee3c l\u00e0m t\u1eeb suon non , v\u00e0 gia v\u1ecb thu\u1ea7n chay<br>B\u1ea3o qu\u1ea3n \u0111\u00f4ng l\u1ea1nh<br>Hsd 1 n\u0103m :<br>D\u00f9ng \u0111\u1ec3 \u0103n c\u01a1m hoac \u0103n b\u00fan r\u1ea5t ngon \u1ea1<br>V\u1ecb h\u00e0i ho\u00e0 kh\u00f4ng qu\u00e1 m\u1eb7n v\u1eeba \u0103n<br>T\u1ea1o n\u00ean 1 m\u00f3n \u0103n v\u00f4 c\u00f9ng h\u1ea5p d\u1eabn \u1ea1<br>Kh\u00f4ng th\u1ec3 thi\u1ebfu trong c\u00e1c b\u1eefa \u0103n h\u00e0ng ng\u00e0y \u1ea1<br>Mu\u1ed1n \u0103n ngon m\u00e0 an to\u00e0n th\u00ec v\u1ec1 \u0111\u1ed9i em<br>L\u00e0 2 m\u00f3n ch\u1ea1y nh\u1ea5t b\u00ean c\u1eeda h\u00e0ng em<br>Lh zalo 0969873871<br>Th\u1ef1c Ph\u1ea9m chay Hoa L\u1ea1c<br>33 Tho\u1ea1i Ng\u1ecdc H\u1ea7u Ho\u00e0 Th\u1ea1nh T\u00e2n Ph\u00fa<\/p>\n","protected":false},"excerpt":{"rendered":"<p>C\u1eeda h\u00e0ng em xin gi\u1edbi thi\u1ec7u \u0111\u1ebfn c\u1ea3 nh\u00e0S\u01b0\u1eddn n\u01b0\u1edbng ng\u0169 v\u1ecb chay \u0110\u01b0\u1ee3c l\u00e0m t\u1eeb suon non , v\u00e0 gia v\u1ecb thu\u1ea7n chayB\u1ea3o qu\u1ea3n \u0111\u00f4ng l\u1ea1nhHsd 1 n\u0103m :D\u00f9ng \u0111\u1ec3 \u0103n c\u01a1m hoac \u0103n b\u00fan r\u1ea5t ngon \u1ea1V\u1ecb h\u00e0i ho\u00e0 kh\u00f4ng qu\u00e1 m\u1eb7n v\u1eeba \u0103nT\u1ea1o n\u00ean 1 m\u00f3n \u0103n v\u00f4 c\u00f9ng h\u1ea5p d\u1eabn \u1ea1Kh\u00f4ng &hellip; <\/p>\n<div class=\"link-more text-center\"><a href=\"https:\/\/thucphamchayhoalacfood.com\/index.php\/product\/suon-nuong-ngu-vi-thuan-chay-hoa-lac-500gr\/\" class=\"more-link py-2 px-4\">Read More<span class=\"screen-reader-text\"> &#8220;S\u01b0\u1eddn n\u01b0\u1edbng ng\u0169 v\u1ecb thu\u1ea7n chay Hoa L\u1ea1c 500GR&#8221;<\/span><\/a><\/div>\n","protected":false},"featured_media":266,"comment_status":"open","ping_status":"closed","template":"","meta":{"om_disable_all_campaigns":false,"_monsterinsights_skip_tracking":false,"_monsterinsights_sitenote_active":false,"_monsterinsights_sitenote_note":"","_monsterinsights_sitenote_category":0},"product_cat":[24],"product_tag":[],"_links":{"self":[{"href":"https:\/\/thucphamchayhoalacfood.com\/index.php\/wp-json\/wp\/v2\/product\/267"}],"collection":[{"href":"https:\/\/thucphamchayhoalacfood.com\/index.php\/wp-json\/wp\/v2\/product"}],"about":[{"href":"https:\/\/thucphamchayhoalacfood.com\/index.php\/wp-json\/wp\/v2\/types\/product"}],"replies":[{"embeddable":true,"href":"https:\/\/thucphamchayhoalacfood.com\/index.php\/wp-json\/wp\/v2\/comments?post=267"}],"wp:featuredmedia":[{"embeddable":true,"href":"https:\/\/thucphamchayhoalacfood.com\/index.php\/wp-json\/wp\/v2\/media\/266"}],"wp:attachment":[{"href":"https:\/\/thucphamchayhoalacfood.com\/index.php\/wp-json\/wp\/v2\/media?parent=267"}],"wp:term":[{"taxonomy":"product_cat","embeddable":true,"href":"https:\/\/thucphamchayhoalacfood.com\/index.php\/wp-json\/wp\/v2\/product_cat?post=267"},{"taxonomy":"product_tag","embeddable":true,"href":"https:\/\/thucphamchayhoalacfood.com\/index.php\/wp-json\/wp\/v2\/product_tag?post=267"}],"curies":[{"name":"wp","href":"https:\/\/api.w.org\/{rel}","templated":true}]}}