{"id":258,"date":"2023-09-08T05:02:18","date_gmt":"2023-09-08T04:02:18","guid":{"rendered":"https:\/\/thucphamchayhoalacfood.com\/?post_type=product&#038;p=258"},"modified":"2025-06-07T11:11:41","modified_gmt":"2025-06-07T10:11:41","slug":"vit-quay-bac-kinh-phuong-loan-chay","status":"publish","type":"product","link":"https:\/\/thucphamchayhoalacfood.com\/index.php\/product\/vit-quay-bac-kinh-phuong-loan-chay\/","title":{"rendered":"V\u1ecbt quay B\u1eafc Kinh Ph\u01b0\u01a1ng Loan chay"},"content":{"rendered":"\n<p>V\u1ecbt Quay B\u1eafc kinh chay c\u1ea3 nh\u00e0 \u01a1i<br>L\u00e2u l\u00e2u ta n\u00f3i t\u00ecm dc 1 m\u00f3n \u0103n v\u1eeba mi\u1ec7ng n\u00f3 ngon g\u00ec \u0111\u00e2u lun<br>Tp :h\u1ee7 ky , n\u1ea5m m\u00e8o , n\u1ea5m lim ch\u00e2m , gia v\u1ecb thu\u1ea7n chay<br>C\u00e1ch dung: chi\u00ean v\u00e0ng an kem v\u1edbi b\u00fan , b\u00e1nh bao, b\u00e1nh m\u00ec , x\u00f4i , c\u01a1m hoac n\u1ea5u v\u1ecbt ti\u1ec1m chay r\u1ea5t ngon lun ak<br>Ai ch\u01b0a \u0103n qua n\u00ean th\u1eed nh\u00e9<br>D\u1ec5 b\u1ecb nghi\u1ec7n l\u1eafm lun<br>Kh\u00f4ng ngon em ch\u1ecbu g\u00ec c\u0169ng ch\u1ecbu<br>Lh em li\u1ec1n 0969873871<br>Th\u1ef1c ph\u1ea9m chay Hoa L\u1ea1c<br>33 tho\u1ea1i Ng\u1ecdc h\u1ea7u ho\u00e0 th\u1ea1nh T\u00e2n ph\u00fa<\/p>\n","protected":false},"excerpt":{"rendered":"<p>V\u1ecbt Quay B\u1eafc kinh chay c\u1ea3 nh\u00e0 \u01a1iL\u00e2u l\u00e2u ta n\u00f3i t\u00ecm dc 1 m\u00f3n \u0103n v\u1eeba mi\u1ec7ng n\u00f3 ngon g\u00ec \u0111\u00e2u lunTp :h\u1ee7 ky , n\u1ea5m m\u00e8o , n\u1ea5m lim ch\u00e2m , gia v\u1ecb thu\u1ea7n chayC\u00e1ch dung: chi\u00ean v\u00e0ng an kem v\u1edbi b\u00fan , b\u00e1nh bao, b\u00e1nh m\u00ec , x\u00f4i , c\u01a1m hoac n\u1ea5u &hellip; <\/p>\n<div class=\"link-more text-center\"><a href=\"https:\/\/thucphamchayhoalacfood.com\/index.php\/product\/vit-quay-bac-kinh-phuong-loan-chay\/\" class=\"more-link py-2 px-4\">Read More<span class=\"screen-reader-text\"> &#8220;V\u1ecbt quay B\u1eafc Kinh Ph\u01b0\u01a1ng Loan chay&#8221;<\/span><\/a><\/div>\n","protected":false},"featured_media":260,"comment_status":"open","ping_status":"closed","template":"","meta":{"om_disable_all_campaigns":false,"_monsterinsights_skip_tracking":false,"_monsterinsights_sitenote_active":false,"_monsterinsights_sitenote_note":"","_monsterinsights_sitenote_category":0},"product_cat":[24],"product_tag":[],"_links":{"self":[{"href":"https:\/\/thucphamchayhoalacfood.com\/index.php\/wp-json\/wp\/v2\/product\/258"}],"collection":[{"href":"https:\/\/thucphamchayhoalacfood.com\/index.php\/wp-json\/wp\/v2\/product"}],"about":[{"href":"https:\/\/thucphamchayhoalacfood.com\/index.php\/wp-json\/wp\/v2\/types\/product"}],"replies":[{"embeddable":true,"href":"https:\/\/thucphamchayhoalacfood.com\/index.php\/wp-json\/wp\/v2\/comments?post=258"}],"wp:featuredmedia":[{"embeddable":true,"href":"https:\/\/thucphamchayhoalacfood.com\/index.php\/wp-json\/wp\/v2\/media\/260"}],"wp:attachment":[{"href":"https:\/\/thucphamchayhoalacfood.com\/index.php\/wp-json\/wp\/v2\/media?parent=258"}],"wp:term":[{"taxonomy":"product_cat","embeddable":true,"href":"https:\/\/thucphamchayhoalacfood.com\/index.php\/wp-json\/wp\/v2\/product_cat?post=258"},{"taxonomy":"product_tag","embeddable":true,"href":"https:\/\/thucphamchayhoalacfood.com\/index.php\/wp-json\/wp\/v2\/product_tag?post=258"}],"curies":[{"name":"wp","href":"https:\/\/api.w.org\/{rel}","templated":true}]}}